{"id":48,"date":"2013-11-07T14:05:46","date_gmt":"2013-11-07T12:05:46","guid":{"rendered":"http:\/\/www.guardian-paws.de\/?page_id=48"},"modified":"2022-02-24T20:17:20","modified_gmt":"2022-02-24T18:17:20","slug":"ueber-uns","status":"publish","type":"page","link":"https:\/\/www.guardian-paws.de\/?page_id=48","title":{"rendered":"\u00dcber uns"},"content":{"rendered":"<p>Hallo, lieber Hundefreund,<\/p>\n<p>wir sind Hannah und Angelika Richter und seit 2011 im BCCD ausgebildete Z\u00fcchter f\u00fcr Bearded Collies. Wir halten diese Rasse in unserer Familie schon seit 1992 und haben uns aufgrund ihres freundlichen und ausgeglichenen Wesens in diese Rasse unsterblich verliebt. Wir arbeiten seit 2009 mit Beardies im H\u00fctebereich und besitzen eine eigene Schafherde. Es ist sch\u00f6n zu sehen, dass diese Rasse sowohl als Arbeits- als auch als Familienhund sehr gut einzusetzen ist. Der Bearded Collie ist ein Allrounder mit gro\u00dfem Herz, der viele angenehme Charaktereigenschaften mitbringt. Er ist ein phantastischer Familienhund mit viel Geduld, was gerade im Zusammenleben mit Kindern sehr wichtig ist. Zudem arbeitet er sehr zuverl\u00e4ssig und selbstst\u00e4ndig beim H\u00fcten von Schafen.<\/p>\n<p>Mit freundlich Gr\u00fc\u00dfen<\/p>\n<p><a href=\"http:\/\/www.guardian-paws.de\/wp-content\/uploads\/2013\/11\/C881725C-F796-45C4-9EC3-C90CCA7D2C9B.jpeg\"><img decoding=\"async\" loading=\"lazy\" class=\"alignnone  wp-image-1273\" alt=\"C881725C-F796-45C4-9EC3-C90CCA7D2C9B\" src=\"http:\/\/www.guardian-paws.de\/wp-content\/uploads\/2013\/11\/C881725C-F796-45C4-9EC3-C90CCA7D2C9B-300x199.jpeg\" width=\"240\" height=\"159\" srcset=\"https:\/\/www.guardian-paws.de\/wp-content\/uploads\/2013\/11\/C881725C-F796-45C4-9EC3-C90CCA7D2C9B-300x199.jpeg 300w, https:\/\/www.guardian-paws.de\/wp-content\/uploads\/2013\/11\/C881725C-F796-45C4-9EC3-C90CCA7D2C9B-1024x681.jpeg 1024w, https:\/\/www.guardian-paws.de\/wp-content\/uploads\/2013\/11\/C881725C-F796-45C4-9EC3-C90CCA7D2C9B.jpeg 1364w\" sizes=\"(max-width: 240px) 100vw, 240px\" \/><\/a><br \/>\n<img decoding=\"async\" loading=\"lazy\" class=\"wp-image-174 alignright\" alt=\"Angelika\" src=\"http:\/\/www.guardian-paws.de\/wp-content\/uploads\/2013\/11\/Angelika-300x199.jpg\" width=\"270\" height=\"179\" srcset=\"https:\/\/www.guardian-paws.de\/wp-content\/uploads\/2013\/11\/Angelika-300x199.jpg 300w, https:\/\/www.guardian-paws.de\/wp-content\/uploads\/2013\/11\/Angelika.jpg 800w\" sizes=\"(max-width: 270px) 100vw, 270px\" \/><\/p>\n<p>Hannah und Angelika Richter<\/p>\n<p>&nbsp;<\/p>\n","protected":false},"excerpt":{"rendered":"<p>Hallo, lieber Hundefreund, wir sind Hannah und Angelika Richter und seit 2011 im BCCD ausgebildete Z\u00fcchter f\u00fcr Bearded Collies. Wir halten diese Rasse in unserer Familie schon seit 1992 und haben uns aufgrund ihres freundlichen und ausgeglichenen Wesens in diese Rasse unsterblich verliebt. Wir arbeiten seit 2009 mit Beardies im H\u00fctebereich und besitzen eine eigene [&hellip;]<\/p>\n","protected":false},"author":1,"featured_media":0,"parent":0,"menu_order":0,"comment_status":"open","ping_status":"open","template":"","meta":[],"_links":{"self":[{"href":"https:\/\/www.guardian-paws.de\/index.php?rest_route=\/wp\/v2\/pages\/48"}],"collection":[{"href":"https:\/\/www.guardian-paws.de\/index.php?rest_route=\/wp\/v2\/pages"}],"about":[{"href":"https:\/\/www.guardian-paws.de\/index.php?rest_route=\/wp\/v2\/types\/page"}],"author":[{"embeddable":true,"href":"https:\/\/www.guardian-paws.de\/index.php?rest_route=\/wp\/v2\/users\/1"}],"replies":[{"embeddable":true,"href":"https:\/\/www.guardian-paws.de\/index.php?rest_route=%2Fwp%2Fv2%2Fcomments&post=48"}],"version-history":[{"count":9,"href":"https:\/\/www.guardian-paws.de\/index.php?rest_route=\/wp\/v2\/pages\/48\/revisions"}],"predecessor-version":[{"id":1274,"href":"https:\/\/www.guardian-paws.de\/index.php?rest_route=\/wp\/v2\/pages\/48\/revisions\/1274"}],"wp:attachment":[{"href":"https:\/\/www.guardian-paws.de\/index.php?rest_route=%2Fwp%2Fv2%2Fmedia&parent=48"}],"curies":[{"name":"wp","href":"https:\/\/api.w.org\/{rel}","templated":true}]}}