{"id":2,"date":"2013-10-31T14:21:17","date_gmt":"2013-10-31T14:21:17","guid":{"rendered":"http:\/\/www.guardian-paws.de\/?page_id=2"},"modified":"2022-04-26T21:45:36","modified_gmt":"2022-04-26T19:45:36","slug":"beispiel-seite","status":"publish","type":"page","link":"https:\/\/www.guardian-paws.de\/?page_id=2","title":{"rendered":"Zuchth\u00fcndinnen"},"content":{"rendered":"<p style=\"text-align: center;\"><b><i>Brownie of the Guardian Paws geb: 27.03.2018<\/i><\/b><\/p>\n<div style=\"width: 310px\" class=\"wp-caption aligncenter\"><a href=\"http:\/\/www.guardian-paws.de\/wp-content\/uploads\/2022\/01\/362B2124-FA09-4598-9CCD-F3BCD222FB8E.jpeg\"><img decoding=\"async\" loading=\"lazy\" alt=\"362B2124-FA09-4598-9CCD-F3BCD222FB8E\" src=\"http:\/\/www.guardian-paws.de\/wp-content\/uploads\/2022\/01\/362B2124-FA09-4598-9CCD-F3BCD222FB8E-300x218.jpeg\" width=\"300\" height=\"218\" \/><\/a><p class=\"wp-caption-text\">HD: A1, ED- OCD: frei, CEA: N\/N (genetisch kein Tr\u00e4ger) \u00a0 \u00a0 PRA prcd: N\/N (genetisch kein Tr\u00e4ger), Hablotyp: 4\/2, \u00a0 \u00a0DNA-Profil<\/p><\/div>\n<p style=\"text-align: left;\">Brownie of the Guardian Paws (gen. Brownie) ist eine Braun\/Wei\u00dfe stark pigmentierte H\u00fcndin. Sie zeichnet sich durch ihr starkes und zu gleich weiches Wesen aus. Sie ist sehr neugierig und wissbegierig. Brownie \u00a0durfte schon ihre Qualit\u00e4ten als Ziehschwester bei unseren Flaschenl\u00e4mmer unter Beweis stellen. Sie hat ein tolles Sozialverhalten anderen Menschen, Hunden und anderen Tieren gegen\u00fcber. Sie steht bei mir in der Arbeit an der Herde und unterst\u00fctzt mich t\u00e4glich bei den Aufgaben an den Schafen. Brownie freut sich auch \u00fcber Kinderbesuch, ob klein oder gro\u00df. Sie ist ein echter Allrounder, was diese Rasse f\u00fcr mich besonders Auszeichnet.<\/p>\n<div id=\"attachment_1236\" style=\"width: 245px\" class=\"wp-caption aligncenter\"><a href=\"http:\/\/www.guardian-paws.de\/wp-content\/uploads\/2013\/10\/C54705DC-166E-40D9-8FAB-AD3A90829A41.jpeg\"><img aria-describedby=\"caption-attachment-1236\" decoding=\"async\" loading=\"lazy\" class=\"size-medium wp-image-1236 \" alt=\"C54705DC-166E-40D9-8FAB-AD3A90829A41\" src=\"http:\/\/www.guardian-paws.de\/wp-content\/uploads\/2013\/10\/C54705DC-166E-40D9-8FAB-AD3A90829A41-235x300.jpeg\" width=\"235\" height=\"300\" srcset=\"https:\/\/www.guardian-paws.de\/wp-content\/uploads\/2013\/10\/C54705DC-166E-40D9-8FAB-AD3A90829A41-235x300.jpeg 235w, https:\/\/www.guardian-paws.de\/wp-content\/uploads\/2013\/10\/C54705DC-166E-40D9-8FAB-AD3A90829A41.jpeg 702w\" sizes=\"(max-width: 235px) 100vw, 235px\" \/><\/a><p id=\"caption-attachment-1236\" class=\"wp-caption-text\">Ahnentafel Brownie of the Guardian Paws \u00a0 \u00a0 \u00a0 \u00a0 IK(0,00%), AVK(100,00%)<\/p><\/div>\n<p style=\"text-align: center;\"><strong>Rhijou ahea Juna of the Unique shaded Dreams geb:21.11.2011<\/strong><\/p>\n<div style=\"width: 214px\" class=\"wp-caption aligncenter\"><a href=\"http:\/\/www.guardian-paws.de\/wp-content\/uploads\/2018\/05\/AZDQFB6C.jpg\"><img decoding=\"async\" loading=\"lazy\" alt=\"AZDQFB6C\" src=\"http:\/\/www.guardian-paws.de\/wp-content\/uploads\/2018\/05\/AZDQFB6C.jpg\" width=\"204\" height=\"219\" \/><\/a><p class=\"wp-caption-text\">HD: A1, ED-OCD: frei, CEA: N\/N (genetisch kein Tr\u00e4ger), CAT: frei, DNA-Profil<\/p><\/div>\n<p style=\"text-align: left;\">Rhijou ahea Juna (gen. Juna) ist eine Blau- Weisse, stark pigmentierte H\u00fcndin. Sie ist eine sehr neugierige, verspielte H\u00fcndin und findet jeden Tag etwas neues was sie erkunden kann. Juna besitzt ein stark ausgepr\u00e4gtes Sozialverhalten Menschen und Hunden gegen\u00fcber. Sie steht ebenfalls bei uns in der H\u00fcte Arbeit und ist sehr aufgeweckt und interessiert bei der Arbeit. Juna ist die Mutterh\u00fcndin unseres B-Wurfes. Sie schenkte uns die H\u00fcndin Brownie of the Guardian Paws.<\/p>\n<div id=\"attachment_1237\" style=\"width: 175px\" class=\"wp-caption aligncenter\"><a href=\"http:\/\/www.guardian-paws.de\/wp-content\/uploads\/2013\/10\/DA35535E-F513-47B9-8E97-8FC89395EAB8.jpeg\"><img aria-describedby=\"caption-attachment-1237\" decoding=\"async\" loading=\"lazy\" class=\" wp-image-1237  \" alt=\"DA35535E-F513-47B9-8E97-8FC89395EAB8\" src=\"http:\/\/www.guardian-paws.de\/wp-content\/uploads\/2013\/10\/DA35535E-F513-47B9-8E97-8FC89395EAB8-214x300.jpeg\" width=\"165\" height=\"231\" srcset=\"https:\/\/www.guardian-paws.de\/wp-content\/uploads\/2013\/10\/DA35535E-F513-47B9-8E97-8FC89395EAB8-214x300.jpeg 214w, https:\/\/www.guardian-paws.de\/wp-content\/uploads\/2013\/10\/DA35535E-F513-47B9-8E97-8FC89395EAB8-730x1024.jpeg 730w, https:\/\/www.guardian-paws.de\/wp-content\/uploads\/2013\/10\/DA35535E-F513-47B9-8E97-8FC89395EAB8.jpeg 750w\" sizes=\"(max-width: 165px) 100vw, 165px\" \/><\/a><p id=\"caption-attachment-1237\" class=\"wp-caption-text\">Ahnentafel Rijou ahea Juna of the Unique shaded Dreams<\/p><\/div>\n<p style=\"text-align: center;\"><strong><br \/>\nKate Special black of the Unique shaded Dreams geb: 17.08.2007<\/strong><\/p>\n<div id=\"attachment_20\" style=\"width: 207px\" class=\"wp-caption aligncenter\"><a href=\"http:\/\/www.guardian-paws.de\/wp-content\/uploads\/2013\/10\/IMG_6547_bearbeitet-1.jpg\"><img aria-describedby=\"caption-attachment-20\" decoding=\"async\" loading=\"lazy\" class=\"size-full wp-image-20 \" alt=\"IMG_6547_bearbeitet-1\" src=\"http:\/\/www.guardian-paws.de\/wp-content\/uploads\/2013\/10\/IMG_6547_bearbeitet-1.jpg\" width=\"197\" height=\"296\" \/><\/a><p id=\"caption-attachment-20\" class=\"wp-caption-text\">HD:A1, ED-OCD: frei, Hablotyp: 1\/2<\/p><\/div>\n<p style=\"text-align: left;\">Kate ist eine Schwarz- Wei\u00dfe, sehr gestandene, freundliche H\u00fcndin. Sie ist die \u00e4lteste H\u00fcndin in unserem Haushalt und durfte noch die volle Erziehung unserer damaligen Beardie- H\u00fcndin Carla genie\u00dfen. Kate hat ein stark ausgepr\u00e4gtes Sozialverhalten anderen\u00a0Tieren und Menschen gegen\u00fcber, welches sie schon oft in der Altenpflege und im Umgang mit Behinderten, sowie in der Hundeschule und im Umgang mit aufgenommenen Tieren (Kaninchen, Flaschenl\u00e4mmer) unter Beweis stellen durfte.\u00a0Sie steht sehr gut im Gehorsam und ist immer voller\u00a0Ehrgeiz bei den Aufgaben die anliegen (\u00a0H\u00fcte Arbeit, Unterordnung, THS, Pflege der anderen Tiere usw.).<br \/>\nKate ist die Mutterh\u00fcndin unseres A-Wurfes (geb. 2013). Aus diesem Wurf stammt unsere Blaub\u00e4r (Amber Blueberry of the Guardian Paws), die nun den Platz als Hauptarbeitshund bei uns an den Schafen eingenommen hat.<\/p>\n<p style=\"text-align: left;\">Kate war eine tolle Partnerin f\u00fcr das Leben. Sie ist \u00fcber die Regenbogenbr\u00fccke gegangen und passt von dort auf uns auf.<\/p>\n<div style=\"width: 254px\" class=\"wp-caption aligncenter\"><a href=\"http:\/\/www.guardian-paws.de\/wp-content\/uploads\/2013\/10\/930CD857-8DB6-41F6-9A3C-047F56EE2DFB.jpeg\"><img decoding=\"async\" loading=\"lazy\" alt=\"930CD857-8DB6-41F6-9A3C-047F56EE2DFB\" src=\"http:\/\/www.guardian-paws.de\/wp-content\/uploads\/2013\/10\/930CD857-8DB6-41F6-9A3C-047F56EE2DFB-244x300.jpeg\" width=\"244\" height=\"300\" \/><\/a><p class=\"wp-caption-text\">Ahnentafel Kate Special Black of the Unique shaded Dreams<\/p><\/div>\n","protected":false},"excerpt":{"rendered":"<p>Brownie of the Guardian Paws geb: 27.03.2018 Brownie of the Guardian Paws (gen. Brownie) ist eine Braun\/Wei\u00dfe stark pigmentierte H\u00fcndin. Sie zeichnet sich durch ihr starkes und zu gleich weiches Wesen aus. Sie ist sehr neugierig und wissbegierig. Brownie \u00a0durfte schon ihre Qualit\u00e4ten als Ziehschwester bei unseren Flaschenl\u00e4mmer unter Beweis stellen. Sie hat ein tolles [&hellip;]<\/p>\n","protected":false},"author":1,"featured_media":0,"parent":0,"menu_order":0,"comment_status":"open","ping_status":"open","template":"","meta":[],"_links":{"self":[{"href":"https:\/\/www.guardian-paws.de\/index.php?rest_route=\/wp\/v2\/pages\/2"}],"collection":[{"href":"https:\/\/www.guardian-paws.de\/index.php?rest_route=\/wp\/v2\/pages"}],"about":[{"href":"https:\/\/www.guardian-paws.de\/index.php?rest_route=\/wp\/v2\/types\/page"}],"author":[{"embeddable":true,"href":"https:\/\/www.guardian-paws.de\/index.php?rest_route=\/wp\/v2\/users\/1"}],"replies":[{"embeddable":true,"href":"https:\/\/www.guardian-paws.de\/index.php?rest_route=%2Fwp%2Fv2%2Fcomments&post=2"}],"version-history":[{"count":25,"href":"https:\/\/www.guardian-paws.de\/index.php?rest_route=\/wp\/v2\/pages\/2\/revisions"}],"predecessor-version":[{"id":1654,"href":"https:\/\/www.guardian-paws.de\/index.php?rest_route=\/wp\/v2\/pages\/2\/revisions\/1654"}],"wp:attachment":[{"href":"https:\/\/www.guardian-paws.de\/index.php?rest_route=%2Fwp%2Fv2%2Fmedia&parent=2"}],"curies":[{"name":"wp","href":"https:\/\/api.w.org\/{rel}","templated":true}]}}