{"id":178,"date":"2013-11-11T00:37:14","date_gmt":"2013-11-10T22:37:14","guid":{"rendered":"http:\/\/www.guardian-paws.de\/?page_id=178"},"modified":"2022-02-25T14:08:43","modified_gmt":"2022-02-25T12:08:43","slug":"meine-schafe","status":"publish","type":"page","link":"https:\/\/www.guardian-paws.de\/?page_id=178","title":{"rendered":"Meine Schafe"},"content":{"rendered":"<p><em><strong>Die Ostpreu\u00dfische Skudde<\/strong><\/em><\/p>\n<p>Skudden, genau bezeichnet Ostpreu\u00dfische Skudden, sind die kleinste deutsche Schafrasse. Sie zeichnen sich durch Robustheit, Lebhaftigkeit und ein sch\u00f6nes Aussehen aus. Die B\u00f6cke entwickeln ein imposantes Geh\u00f6rn.<br \/>\nAls Landschafrasse sind sie nicht auf einen hohen Woll-oder Fleischertrag gez\u00fcchtet, sondern werden haupts\u00e4chlich in der Landschaftspflege eingesetzt.<br \/>\nSkudden haben ein Wollvlies, das die ganzj\u00e4hrige Haltung im Freien m\u00f6glich macht. Das Vlies besteht aus langen Haaren, an denen Niederschlag abflie\u00dfen kann, sehr feiner Wolle, die hervorragend w\u00e4rmt , und kurzen Borsthaaren, die die W\u00e4rmeregulation \u00fcbernehmen.<br \/>\nTypisch sind kurze, dreieckige Schw\u00e4nze, die nicht ganz wollig, sondern teilweise behaart sein sollten, beim Bock eine M\u00e4hne\u00a0 und ein imposantes, schneckenf\u00f6rmiges Geh\u00f6rn.<br \/>\nMuttertiere (Zibben) sind meist hornlos, aber auch Hornstummel oder kurze H\u00f6rner kommen vor.<\/p>\n<p><a href=\"http:\/\/www.guardian-paws.de\/wp-content\/uploads\/2013\/11\/BC3B38DC-E093-499E-BCC5-B86F14239549.jpeg\"><img decoding=\"async\" loading=\"lazy\" class=\"alignnone size-medium wp-image-1310\" alt=\"BC3B38DC-E093-499E-BCC5-B86F14239549\" src=\"http:\/\/www.guardian-paws.de\/wp-content\/uploads\/2013\/11\/BC3B38DC-E093-499E-BCC5-B86F14239549-300x225.jpeg\" width=\"300\" height=\"225\" srcset=\"https:\/\/www.guardian-paws.de\/wp-content\/uploads\/2013\/11\/BC3B38DC-E093-499E-BCC5-B86F14239549-300x225.jpeg 300w, https:\/\/www.guardian-paws.de\/wp-content\/uploads\/2013\/11\/BC3B38DC-E093-499E-BCC5-B86F14239549-1024x768.jpeg 1024w, https:\/\/www.guardian-paws.de\/wp-content\/uploads\/2013\/11\/BC3B38DC-E093-499E-BCC5-B86F14239549.jpeg 2048w\" sizes=\"(max-width: 300px) 100vw, 300px\" \/><\/a><\/p>\n<p>&nbsp;<\/p>\n<p><a href=\"http:\/\/www.guardian-paws.de\/wp-content\/uploads\/2013\/11\/22406467_1528071630608463_5798813830071294128_n.jpg\"><img decoding=\"async\" loading=\"lazy\" class=\"alignnone size-medium wp-image-1080\" alt=\"22406467_1528071630608463_5798813830071294128_n\" src=\"http:\/\/www.guardian-paws.de\/wp-content\/uploads\/2013\/11\/22406467_1528071630608463_5798813830071294128_n-300x214.jpg\" width=\"300\" height=\"214\" srcset=\"https:\/\/www.guardian-paws.de\/wp-content\/uploads\/2013\/11\/22406467_1528071630608463_5798813830071294128_n-300x214.jpg 300w, https:\/\/www.guardian-paws.de\/wp-content\/uploads\/2013\/11\/22406467_1528071630608463_5798813830071294128_n.jpg 960w\" sizes=\"(max-width: 300px) 100vw, 300px\" \/><\/a><\/p>\n<p>&nbsp;<\/p>\n<p>&nbsp;<\/p>\n<p><a href=\"http:\/\/www.guardian-paws.de\/wp-content\/uploads\/2013\/11\/L1060513.jpg\"><img decoding=\"async\" loading=\"lazy\" class=\"alignnone size-medium wp-image-182\" alt=\"L1060513\" src=\"http:\/\/www.guardian-paws.de\/wp-content\/uploads\/2013\/11\/L1060513-300x225.jpg\" width=\"300\" height=\"225\" srcset=\"https:\/\/www.guardian-paws.de\/wp-content\/uploads\/2013\/11\/L1060513-300x225.jpg 300w, https:\/\/www.guardian-paws.de\/wp-content\/uploads\/2013\/11\/L1060513-1024x768.jpg 1024w\" sizes=\"(max-width: 300px) 100vw, 300px\" \/><\/a><\/p>\n<p><a href=\"http:\/\/www.guardian-paws.de\/wp-content\/uploads\/2013\/11\/schoko.jpg\"><img decoding=\"async\" loading=\"lazy\" class=\"alignnone size-medium wp-image-183\" alt=\"schoko]\" src=\"http:\/\/www.guardian-paws.de\/wp-content\/uploads\/2013\/11\/schoko-200x300.jpg\" width=\"200\" height=\"300\" srcset=\"https:\/\/www.guardian-paws.de\/wp-content\/uploads\/2013\/11\/schoko-200x300.jpg 200w, https:\/\/www.guardian-paws.de\/wp-content\/uploads\/2013\/11\/schoko.jpg 640w\" sizes=\"(max-width: 200px) 100vw, 200px\" \/><\/a><\/p>\n<p>&nbsp;<\/p>\n<p><em><strong>Mein ganzer Stolz mein Bock &#8222;Harry&#8220;<\/strong><\/em><\/p>\n<p><a href=\"http:\/\/www.guardian-paws.de\/wp-content\/uploads\/2013\/11\/541801_524368887645414_1734802373_n1.jpg\"><img decoding=\"async\" loading=\"lazy\" class=\"alignnone size-medium wp-image-531\" alt=\"541801_524368887645414_1734802373_n[1]\" src=\"http:\/\/www.guardian-paws.de\/wp-content\/uploads\/2013\/11\/541801_524368887645414_1734802373_n1-300x224.jpg\" width=\"300\" height=\"224\" srcset=\"https:\/\/www.guardian-paws.de\/wp-content\/uploads\/2013\/11\/541801_524368887645414_1734802373_n1-300x224.jpg 300w, https:\/\/www.guardian-paws.de\/wp-content\/uploads\/2013\/11\/541801_524368887645414_1734802373_n1.jpg 800w\" sizes=\"(max-width: 300px) 100vw, 300px\" \/><\/a>\u00a0 \u00a0<a href=\"http:\/\/www.guardian-paws.de\/wp-content\/uploads\/2013\/11\/9D033768-15AC-499E-B6BE-AA4A1F29B8A6.jpeg\"><img decoding=\"async\" loading=\"lazy\" class=\"alignnone size-medium wp-image-1290\" alt=\"9D033768-15AC-499E-B6BE-AA4A1F29B8A6\" src=\"http:\/\/www.guardian-paws.de\/wp-content\/uploads\/2013\/11\/9D033768-15AC-499E-B6BE-AA4A1F29B8A6-168x300.jpeg\" width=\"168\" height=\"300\" srcset=\"https:\/\/www.guardian-paws.de\/wp-content\/uploads\/2013\/11\/9D033768-15AC-499E-B6BE-AA4A1F29B8A6-168x300.jpeg 168w, https:\/\/www.guardian-paws.de\/wp-content\/uploads\/2013\/11\/9D033768-15AC-499E-B6BE-AA4A1F29B8A6.jpeg 576w\" sizes=\"(max-width: 168px) 100vw, 168px\" \/><br \/>\n<\/a><\/p>\n<p><a href=\"http:\/\/www.guardian-paws.de\/wp-content\/uploads\/2013\/11\/827CA9C3-7F39-49E5-9B91-9B7D6583CA7D.jpeg\"><img decoding=\"async\" loading=\"lazy\" class=\"alignnone size-medium wp-image-1292\" alt=\"827CA9C3-7F39-49E5-9B91-9B7D6583CA7D\" src=\"http:\/\/www.guardian-paws.de\/wp-content\/uploads\/2013\/11\/827CA9C3-7F39-49E5-9B91-9B7D6583CA7D-199x300.jpeg\" width=\"199\" height=\"300\" srcset=\"https:\/\/www.guardian-paws.de\/wp-content\/uploads\/2013\/11\/827CA9C3-7F39-49E5-9B91-9B7D6583CA7D-199x300.jpeg 199w, https:\/\/www.guardian-paws.de\/wp-content\/uploads\/2013\/11\/827CA9C3-7F39-49E5-9B91-9B7D6583CA7D-682x1024.jpeg 682w, https:\/\/www.guardian-paws.de\/wp-content\/uploads\/2013\/11\/827CA9C3-7F39-49E5-9B91-9B7D6583CA7D.jpeg 1066w\" sizes=\"(max-width: 199px) 100vw, 199px\" \/><\/a><\/p>\n","protected":false},"excerpt":{"rendered":"<p>Die Ostpreu\u00dfische Skudde Skudden, genau bezeichnet Ostpreu\u00dfische Skudden, sind die kleinste deutsche Schafrasse. Sie zeichnen sich durch Robustheit, Lebhaftigkeit und ein sch\u00f6nes Aussehen aus. Die B\u00f6cke entwickeln ein imposantes Geh\u00f6rn. Als Landschafrasse sind sie nicht auf einen hohen Woll-oder Fleischertrag gez\u00fcchtet, sondern werden haupts\u00e4chlich in der Landschaftspflege eingesetzt. Skudden haben ein Wollvlies, das die ganzj\u00e4hrige [&hellip;]<\/p>\n","protected":false},"author":1,"featured_media":0,"parent":0,"menu_order":0,"comment_status":"open","ping_status":"open","template":"","meta":[],"_links":{"self":[{"href":"https:\/\/www.guardian-paws.de\/index.php?rest_route=\/wp\/v2\/pages\/178"}],"collection":[{"href":"https:\/\/www.guardian-paws.de\/index.php?rest_route=\/wp\/v2\/pages"}],"about":[{"href":"https:\/\/www.guardian-paws.de\/index.php?rest_route=\/wp\/v2\/types\/page"}],"author":[{"embeddable":true,"href":"https:\/\/www.guardian-paws.de\/index.php?rest_route=\/wp\/v2\/users\/1"}],"replies":[{"embeddable":true,"href":"https:\/\/www.guardian-paws.de\/index.php?rest_route=%2Fwp%2Fv2%2Fcomments&post=178"}],"version-history":[{"count":9,"href":"https:\/\/www.guardian-paws.de\/index.php?rest_route=\/wp\/v2\/pages\/178\/revisions"}],"predecessor-version":[{"id":1311,"href":"https:\/\/www.guardian-paws.de\/index.php?rest_route=\/wp\/v2\/pages\/178\/revisions\/1311"}],"wp:attachment":[{"href":"https:\/\/www.guardian-paws.de\/index.php?rest_route=%2Fwp%2Fv2%2Fmedia&parent=178"}],"curies":[{"name":"wp","href":"https:\/\/api.w.org\/{rel}","templated":true}]}}