{"id":1595,"date":"2022-04-20T18:01:35","date_gmt":"2022-04-20T16:01:35","guid":{"rendered":"http:\/\/www.guardian-paws.de\/?page_id=1595"},"modified":"2022-04-24T11:14:09","modified_gmt":"2022-04-24T09:14:09","slug":"woche-6","status":"publish","type":"page","link":"https:\/\/www.guardian-paws.de\/?page_id=1595","title":{"rendered":"Woche 6"},"content":{"rendered":"<p style=\"text-align: center;\">Da ist sie schon, die\u00a0<em><strong>6 Lebenswoche<\/strong><\/em><strong>\u00a0<\/strong>der kleinen Cr\u00fcmmel beginnt.<br \/>\n<a href=\"http:\/\/www.guardian-paws.de\/wp-content\/uploads\/2022\/04\/B7DF0DBA-53E8-43EA-95B8-459AE7A48BD0.jpeg\"><img decoding=\"async\" loading=\"lazy\" class=\"alignnone size-medium wp-image-1596\" alt=\"B7DF0DBA-53E8-43EA-95B8-459AE7A48BD0\" src=\"http:\/\/www.guardian-paws.de\/wp-content\/uploads\/2022\/04\/B7DF0DBA-53E8-43EA-95B8-459AE7A48BD0-300x225.jpeg\" width=\"300\" height=\"225\" srcset=\"https:\/\/www.guardian-paws.de\/wp-content\/uploads\/2022\/04\/B7DF0DBA-53E8-43EA-95B8-459AE7A48BD0-300x225.jpeg 300w, https:\/\/www.guardian-paws.de\/wp-content\/uploads\/2022\/04\/B7DF0DBA-53E8-43EA-95B8-459AE7A48BD0-1024x768.jpeg 1024w\" sizes=\"(max-width: 300px) 100vw, 300px\" \/><\/a><br \/>\nInzwischen sind die Welpen ordentlich gewachsen. Jeder hat nun seinen eigenen Napf. Die Cr\u00fcmmel wiegen jetzt im Durchschnitt 2,5kg.<\/p>\n<p style=\"text-align: left;\"><a href=\"http:\/\/www.guardian-paws.de\/wp-content\/uploads\/2022\/04\/FB90B6F9-9511-4CD7-8600-D48D8CEBD5E6.jpeg\"><img decoding=\"async\" loading=\"lazy\" class=\" wp-image-1597 alignleft\" alt=\"FB90B6F9-9511-4CD7-8600-D48D8CEBD5E6\" src=\"http:\/\/www.guardian-paws.de\/wp-content\/uploads\/2022\/04\/FB90B6F9-9511-4CD7-8600-D48D8CEBD5E6-300x168.jpeg\" width=\"210\" height=\"118\" srcset=\"https:\/\/www.guardian-paws.de\/wp-content\/uploads\/2022\/04\/FB90B6F9-9511-4CD7-8600-D48D8CEBD5E6-300x168.jpeg 300w, https:\/\/www.guardian-paws.de\/wp-content\/uploads\/2022\/04\/FB90B6F9-9511-4CD7-8600-D48D8CEBD5E6-1024x576.jpeg 1024w, https:\/\/www.guardian-paws.de\/wp-content\/uploads\/2022\/04\/FB90B6F9-9511-4CD7-8600-D48D8CEBD5E6.jpeg 1600w\" sizes=\"(max-width: 210px) 100vw, 210px\" \/><\/a>Nun wird auch unser Kater Flo von den kleinen Cr\u00fcmmeln besucht und freut sich \u00fcber deren Gesellschaft. Flo ist unser alter Herr im Haus. Er ist 18Jahre alt und hat selbst Erfahrung als Vater sammeln d\u00fcrfen. Er verh\u00e4lt sich den Welpen gegen\u00fcber sehr freundlich und kuschelt auch mal gern.<\/p>\n<p style=\"text-align: center;\"><a href=\"http:\/\/www.guardian-paws.de\/wp-content\/uploads\/2022\/04\/trim.BAA8867B-2276-4462-B07C-4CD79CB390B4.mov\">trim.BAA8867B-2276-4462-B07C-4CD79CB390B4<\/a><\/p>\n<p style=\"text-align: center;\">Am Abend bekommen die kleinen Cr\u00fcmmel ihre gute Nacht Mahlzeit von Mama Brownie.<\/p>\n<p style=\"text-align: center;\"><em><strong>Tag<\/strong><\/em><strong> 36<\/strong><\/p>\n<p style=\"text-align: center;\"><strong><a href=\"http:\/\/www.guardian-paws.de\/wp-content\/uploads\/2022\/04\/1503DFE0-8E14-468B-8723-D910804C2E27.jpeg\"><img decoding=\"async\" loading=\"lazy\" class=\"wp-image-1603 aligncenter\" alt=\"1503DFE0-8E14-468B-8723-D910804C2E27\" src=\"http:\/\/www.guardian-paws.de\/wp-content\/uploads\/2022\/04\/1503DFE0-8E14-468B-8723-D910804C2E27-300x225.jpeg\" width=\"225\" height=\"300\" \/><\/a><\/strong>Fr\u00fchst\u00fcck mit Mama Brownie und Tante Blaub\u00e4r in der K\u00fcche<\/p>\n<p style=\"text-align: center;\"><span style=\"text-align: center;\">Nachmittags geht es raus. Jeder durfte sein Halsband testen. <\/span><\/p>\n<p style=\"text-align: center;\"><span style=\"text-align: center;\">Die kleine Cr\u00fcmmel-Gang macht unsere Spielstra\u00dfe unsicher\u2026<\/span><\/p>\n<p style=\"text-align: center;\"><a href=\"http:\/\/www.guardian-paws.de\/wp-content\/uploads\/2022\/04\/trim.C2614E1C-5820-481A-8237-8A56CE788535.mov\">trim.C2614E1C-5820-481A-8237-8A56CE788535<\/a><\/p>\n<p style=\"text-align: center;\"><em><strong>Tag 39<\/strong><\/em><strong>\u00a0<\/strong><\/p>\n<p style=\"text-align: center;\">Heute folgte der n\u00e4chste gro\u00dfe Ausflug. Wir haben uns mit mehreren getroffen, es ging auf die gro\u00dfen Wiesen meiner Herde. Dort brauch man schonmal mehr F\u00fc\u00dfe um alle Cr\u00fcmmel zusammen zu halten.<br \/>\nNun wurden auch die Leinen Probegetragen.<\/p>\n<p style=\"text-align: left;\"><a href=\"http:\/\/www.guardian-paws.de\/wp-content\/uploads\/2022\/04\/DA5BCBD7-7545-41CC-B300-0BC8EAEC2C6C.jpeg\"><img decoding=\"async\" loading=\"lazy\" class=\"size-medium wp-image-1607 aligncenter\" alt=\"DA5BCBD7-7545-41CC-B300-0BC8EAEC2C6C\" src=\"http:\/\/www.guardian-paws.de\/wp-content\/uploads\/2022\/04\/DA5BCBD7-7545-41CC-B300-0BC8EAEC2C6C-300x168.jpeg\" width=\"300\" height=\"168\" srcset=\"https:\/\/www.guardian-paws.de\/wp-content\/uploads\/2022\/04\/DA5BCBD7-7545-41CC-B300-0BC8EAEC2C6C-300x168.jpeg 300w, https:\/\/www.guardian-paws.de\/wp-content\/uploads\/2022\/04\/DA5BCBD7-7545-41CC-B300-0BC8EAEC2C6C-1024x576.jpeg 1024w, https:\/\/www.guardian-paws.de\/wp-content\/uploads\/2022\/04\/DA5BCBD7-7545-41CC-B300-0BC8EAEC2C6C.jpeg 2048w\" sizes=\"(max-width: 300px) 100vw, 300px\" \/><\/a><a href=\"http:\/\/www.guardian-paws.de\/wp-content\/uploads\/2022\/04\/386DA742-CA9E-4D81-830C-9B3DFCBF8EDB.jpeg\"><img decoding=\"async\" loading=\"lazy\" class=\"alignnone  wp-image-1608\" alt=\"386DA742-CA9E-4D81-830C-9B3DFCBF8EDB\" src=\"http:\/\/www.guardian-paws.de\/wp-content\/uploads\/2022\/04\/386DA742-CA9E-4D81-830C-9B3DFCBF8EDB-225x300.jpeg\" width=\"158\" height=\"210\" srcset=\"https:\/\/www.guardian-paws.de\/wp-content\/uploads\/2022\/04\/386DA742-CA9E-4D81-830C-9B3DFCBF8EDB-225x300.jpeg 225w, https:\/\/www.guardian-paws.de\/wp-content\/uploads\/2022\/04\/386DA742-CA9E-4D81-830C-9B3DFCBF8EDB-768x1024.jpeg 768w, https:\/\/www.guardian-paws.de\/wp-content\/uploads\/2022\/04\/386DA742-CA9E-4D81-830C-9B3DFCBF8EDB.jpeg 1200w\" sizes=\"(max-width: 158px) 100vw, 158px\" \/><\/a>\u00a0<a href=\"http:\/\/www.guardian-paws.de\/wp-content\/uploads\/2022\/04\/42D67929-E8D4-40DA-873F-5C6795C59A4C.jpeg\"><img decoding=\"async\" loading=\"lazy\" class=\"alignnone  wp-image-1609\" alt=\"42D67929-E8D4-40DA-873F-5C6795C59A4C\" src=\"http:\/\/www.guardian-paws.de\/wp-content\/uploads\/2022\/04\/42D67929-E8D4-40DA-873F-5C6795C59A4C-225x300.jpeg\" width=\"158\" height=\"210\" srcset=\"https:\/\/www.guardian-paws.de\/wp-content\/uploads\/2022\/04\/42D67929-E8D4-40DA-873F-5C6795C59A4C-225x300.jpeg 225w, https:\/\/www.guardian-paws.de\/wp-content\/uploads\/2022\/04\/42D67929-E8D4-40DA-873F-5C6795C59A4C-768x1024.jpeg 768w, https:\/\/www.guardian-paws.de\/wp-content\/uploads\/2022\/04\/42D67929-E8D4-40DA-873F-5C6795C59A4C.jpeg 1200w\" sizes=\"(max-width: 158px) 100vw, 158px\" \/><\/a>\u00a0<a href=\"http:\/\/www.guardian-paws.de\/wp-content\/uploads\/2022\/04\/AC3F47DB-9BA0-4AE9-824D-69A266CC06E3.jpeg\"><img decoding=\"async\" loading=\"lazy\" class=\"alignnone  wp-image-1610\" alt=\"AC3F47DB-9BA0-4AE9-824D-69A266CC06E3\" src=\"http:\/\/www.guardian-paws.de\/wp-content\/uploads\/2022\/04\/AC3F47DB-9BA0-4AE9-824D-69A266CC06E3-225x300.jpeg\" width=\"158\" height=\"210\" srcset=\"https:\/\/www.guardian-paws.de\/wp-content\/uploads\/2022\/04\/AC3F47DB-9BA0-4AE9-824D-69A266CC06E3-225x300.jpeg 225w, https:\/\/www.guardian-paws.de\/wp-content\/uploads\/2022\/04\/AC3F47DB-9BA0-4AE9-824D-69A266CC06E3-768x1024.jpeg 768w, https:\/\/www.guardian-paws.de\/wp-content\/uploads\/2022\/04\/AC3F47DB-9BA0-4AE9-824D-69A266CC06E3.jpeg 1536w\" sizes=\"(max-width: 158px) 100vw, 158px\" \/><\/a>\u00a0<a href=\"http:\/\/www.guardian-paws.de\/wp-content\/uploads\/2022\/04\/CAC6746C-695E-4936-B60B-E21E228E9306.jpeg\"><img decoding=\"async\" loading=\"lazy\" class=\"alignnone  wp-image-1611\" alt=\"CAC6746C-695E-4936-B60B-E21E228E9306\" src=\"http:\/\/www.guardian-paws.de\/wp-content\/uploads\/2022\/04\/CAC6746C-695E-4936-B60B-E21E228E9306-168x300.jpeg\" width=\"118\" height=\"210\" srcset=\"https:\/\/www.guardian-paws.de\/wp-content\/uploads\/2022\/04\/CAC6746C-695E-4936-B60B-E21E228E9306-168x300.jpeg 168w, https:\/\/www.guardian-paws.de\/wp-content\/uploads\/2022\/04\/CAC6746C-695E-4936-B60B-E21E228E9306-576x1024.jpeg 576w, https:\/\/www.guardian-paws.de\/wp-content\/uploads\/2022\/04\/CAC6746C-695E-4936-B60B-E21E228E9306.jpeg 900w\" sizes=\"(max-width: 118px) 100vw, 118px\" \/><\/a>\u00a0<a href=\"http:\/\/www.guardian-paws.de\/wp-content\/uploads\/2022\/04\/0231F056-8581-4F5C-B983-AD0410C46169.jpeg\"><img decoding=\"async\" loading=\"lazy\" class=\"alignnone  wp-image-1612\" alt=\"0231F056-8581-4F5C-B983-AD0410C46169\" src=\"http:\/\/www.guardian-paws.de\/wp-content\/uploads\/2022\/04\/0231F056-8581-4F5C-B983-AD0410C46169-300x225.jpeg\" width=\"210\" height=\"158\" srcset=\"https:\/\/www.guardian-paws.de\/wp-content\/uploads\/2022\/04\/0231F056-8581-4F5C-B983-AD0410C46169-300x225.jpeg 300w, https:\/\/www.guardian-paws.de\/wp-content\/uploads\/2022\/04\/0231F056-8581-4F5C-B983-AD0410C46169-1024x768.jpeg 1024w, https:\/\/www.guardian-paws.de\/wp-content\/uploads\/2022\/04\/0231F056-8581-4F5C-B983-AD0410C46169.jpeg 1600w\" sizes=\"(max-width: 210px) 100vw, 210px\" \/><\/a>\u00a0<a href=\"http:\/\/www.guardian-paws.de\/wp-content\/uploads\/2022\/04\/9AC20E1F-7DCA-4CB4-ADEF-3BA85B867AEF.jpeg\"><img decoding=\"async\" loading=\"lazy\" class=\"alignnone  wp-image-1613\" alt=\"9AC20E1F-7DCA-4CB4-ADEF-3BA85B867AEF\" src=\"http:\/\/www.guardian-paws.de\/wp-content\/uploads\/2022\/04\/9AC20E1F-7DCA-4CB4-ADEF-3BA85B867AEF-225x300.jpeg\" width=\"158\" height=\"210\" srcset=\"https:\/\/www.guardian-paws.de\/wp-content\/uploads\/2022\/04\/9AC20E1F-7DCA-4CB4-ADEF-3BA85B867AEF-225x300.jpeg 225w, https:\/\/www.guardian-paws.de\/wp-content\/uploads\/2022\/04\/9AC20E1F-7DCA-4CB4-ADEF-3BA85B867AEF-768x1024.jpeg 768w, https:\/\/www.guardian-paws.de\/wp-content\/uploads\/2022\/04\/9AC20E1F-7DCA-4CB4-ADEF-3BA85B867AEF.jpeg 1536w\" sizes=\"(max-width: 158px) 100vw, 158px\" \/><\/a>\u00a0<a href=\"http:\/\/www.guardian-paws.de\/wp-content\/uploads\/2022\/04\/21ABBEFC-60A8-4F91-B338-496352A62DAE.jpeg\"><img decoding=\"async\" loading=\"lazy\" class=\"alignnone  wp-image-1614\" alt=\"21ABBEFC-60A8-4F91-B338-496352A62DAE\" src=\"http:\/\/www.guardian-paws.de\/wp-content\/uploads\/2022\/04\/21ABBEFC-60A8-4F91-B338-496352A62DAE-300x225.jpeg\" width=\"210\" height=\"158\" srcset=\"https:\/\/www.guardian-paws.de\/wp-content\/uploads\/2022\/04\/21ABBEFC-60A8-4F91-B338-496352A62DAE-300x225.jpeg 300w, https:\/\/www.guardian-paws.de\/wp-content\/uploads\/2022\/04\/21ABBEFC-60A8-4F91-B338-496352A62DAE-1024x768.jpeg 1024w, https:\/\/www.guardian-paws.de\/wp-content\/uploads\/2022\/04\/21ABBEFC-60A8-4F91-B338-496352A62DAE.jpeg 1600w\" sizes=\"(max-width: 210px) 100vw, 210px\" \/><\/a>\u00a0<a href=\"http:\/\/www.guardian-paws.de\/wp-content\/uploads\/2022\/04\/B59E4C5C-E29E-47ED-BC12-DAF757479FA1.jpeg\"><img decoding=\"async\" loading=\"lazy\" class=\"alignnone  wp-image-1615\" alt=\"B59E4C5C-E29E-47ED-BC12-DAF757479FA1\" src=\"http:\/\/www.guardian-paws.de\/wp-content\/uploads\/2022\/04\/B59E4C5C-E29E-47ED-BC12-DAF757479FA1-225x300.jpeg\" width=\"158\" height=\"210\" srcset=\"https:\/\/www.guardian-paws.de\/wp-content\/uploads\/2022\/04\/B59E4C5C-E29E-47ED-BC12-DAF757479FA1-225x300.jpeg 225w, https:\/\/www.guardian-paws.de\/wp-content\/uploads\/2022\/04\/B59E4C5C-E29E-47ED-BC12-DAF757479FA1-768x1024.jpeg 768w, https:\/\/www.guardian-paws.de\/wp-content\/uploads\/2022\/04\/B59E4C5C-E29E-47ED-BC12-DAF757479FA1.jpeg 1536w\" sizes=\"(max-width: 158px) 100vw, 158px\" \/><\/a><a href=\"http:\/\/www.guardian-paws.de\/wp-content\/uploads\/2022\/04\/340F71DA-3DB5-405E-B834-E91E0ACB616E.jpeg\"><img decoding=\"async\" loading=\"lazy\" class=\"alignnone  wp-image-1617\" alt=\"340F71DA-3DB5-405E-B834-E91E0ACB616E\" src=\"http:\/\/www.guardian-paws.de\/wp-content\/uploads\/2022\/04\/340F71DA-3DB5-405E-B834-E91E0ACB616E-225x300.jpeg\" width=\"158\" height=\"210\" srcset=\"https:\/\/www.guardian-paws.de\/wp-content\/uploads\/2022\/04\/340F71DA-3DB5-405E-B834-E91E0ACB616E-225x300.jpeg 225w, https:\/\/www.guardian-paws.de\/wp-content\/uploads\/2022\/04\/340F71DA-3DB5-405E-B834-E91E0ACB616E-768x1024.jpeg 768w, https:\/\/www.guardian-paws.de\/wp-content\/uploads\/2022\/04\/340F71DA-3DB5-405E-B834-E91E0ACB616E.jpeg 1536w\" sizes=\"(max-width: 158px) 100vw, 158px\" \/><\/a>\u00a0<a href=\"http:\/\/www.guardian-paws.de\/wp-content\/uploads\/2022\/04\/1AE74001-E9B9-401B-A986-CF957A2B3982.jpeg\"><img decoding=\"async\" loading=\"lazy\" class=\"alignnone  wp-image-1616\" alt=\"1AE74001-E9B9-401B-A986-CF957A2B3982\" src=\"http:\/\/www.guardian-paws.de\/wp-content\/uploads\/2022\/04\/1AE74001-E9B9-401B-A986-CF957A2B3982-225x300.jpeg\" width=\"158\" height=\"210\" srcset=\"https:\/\/www.guardian-paws.de\/wp-content\/uploads\/2022\/04\/1AE74001-E9B9-401B-A986-CF957A2B3982-225x300.jpeg 225w, https:\/\/www.guardian-paws.de\/wp-content\/uploads\/2022\/04\/1AE74001-E9B9-401B-A986-CF957A2B3982-768x1024.jpeg 768w, https:\/\/www.guardian-paws.de\/wp-content\/uploads\/2022\/04\/1AE74001-E9B9-401B-A986-CF957A2B3982.jpeg 1200w\" sizes=\"(max-width: 158px) 100vw, 158px\" \/><br \/>\n<\/a><\/p>\n<p style=\"text-align: center;\">Der\u00a0<strong><em>40. Lebenstag<\/em><\/strong>\u00a0\u00a0beginnt mit einem neuen Kauerlebnis.<br \/>\n<a href=\"http:\/\/www.guardian-paws.de\/wp-content\/uploads\/2022\/04\/trim.AB63C334-6985-4FA3-89E9-E936C256998D.mov\">trim.AB63C334-6985-4FA3-89E9-E936C256998D<\/a><\/p>\n","protected":false},"excerpt":{"rendered":"<p>Da ist sie schon, die\u00a06 Lebenswoche\u00a0der kleinen Cr\u00fcmmel beginnt. Inzwischen sind die Welpen ordentlich gewachsen. Jeder hat nun seinen eigenen Napf. Die Cr\u00fcmmel wiegen jetzt im Durchschnitt 2,5kg. Nun wird auch unser Kater Flo von den kleinen Cr\u00fcmmeln besucht und freut sich \u00fcber deren Gesellschaft. Flo ist unser alter Herr im Haus. Er ist 18Jahre [&hellip;]<\/p>\n","protected":false},"author":1,"featured_media":0,"parent":0,"menu_order":0,"comment_status":"open","ping_status":"open","template":"","meta":[],"_links":{"self":[{"href":"https:\/\/www.guardian-paws.de\/index.php?rest_route=\/wp\/v2\/pages\/1595"}],"collection":[{"href":"https:\/\/www.guardian-paws.de\/index.php?rest_route=\/wp\/v2\/pages"}],"about":[{"href":"https:\/\/www.guardian-paws.de\/index.php?rest_route=\/wp\/v2\/types\/page"}],"author":[{"embeddable":true,"href":"https:\/\/www.guardian-paws.de\/index.php?rest_route=\/wp\/v2\/users\/1"}],"replies":[{"embeddable":true,"href":"https:\/\/www.guardian-paws.de\/index.php?rest_route=%2Fwp%2Fv2%2Fcomments&post=1595"}],"version-history":[{"count":6,"href":"https:\/\/www.guardian-paws.de\/index.php?rest_route=\/wp\/v2\/pages\/1595\/revisions"}],"predecessor-version":[{"id":1619,"href":"https:\/\/www.guardian-paws.de\/index.php?rest_route=\/wp\/v2\/pages\/1595\/revisions\/1619"}],"wp:attachment":[{"href":"https:\/\/www.guardian-paws.de\/index.php?rest_route=%2Fwp%2Fv2%2Fmedia&parent=1595"}],"curies":[{"name":"wp","href":"https:\/\/api.w.org\/{rel}","templated":true}]}}