{"id":1539,"date":"2022-04-14T08:03:38","date_gmt":"2022-04-14T06:03:38","guid":{"rendered":"http:\/\/www.guardian-paws.de\/?page_id=1539"},"modified":"2022-04-17T14:49:31","modified_gmt":"2022-04-17T12:49:31","slug":"woche-5","status":"publish","type":"page","link":"https:\/\/www.guardian-paws.de\/?page_id=1539","title":{"rendered":"Woche 5"},"content":{"rendered":"<p>Nun sind die kleinen Cr\u00fcmmel von Brownie schon\u00a0<em><strong>29 Tage<\/strong><\/em><strong>\u00a0<\/strong>alt und starten voller Energie in die\u00a0<em><strong>5.<\/strong><\/em><strong>\u00a0Lebenswoche<\/strong><\/p>\n<p><a href=\"http:\/\/www.guardian-paws.de\/wp-content\/uploads\/2022\/04\/7E9C9C81-5FE5-4E8B-8AE0-9D11D1713F0F.jpeg\"><img decoding=\"async\" loading=\"lazy\" class=\" wp-image-1535 alignleft\" alt=\"7E9C9C81-5FE5-4E8B-8AE0-9D11D1713F0F\" src=\"http:\/\/www.guardian-paws.de\/wp-content\/uploads\/2022\/04\/7E9C9C81-5FE5-4E8B-8AE0-9D11D1713F0F-225x300.jpeg\" width=\"158\" height=\"210\" srcset=\"https:\/\/www.guardian-paws.de\/wp-content\/uploads\/2022\/04\/7E9C9C81-5FE5-4E8B-8AE0-9D11D1713F0F-225x300.jpeg 225w, https:\/\/www.guardian-paws.de\/wp-content\/uploads\/2022\/04\/7E9C9C81-5FE5-4E8B-8AE0-9D11D1713F0F-768x1024.jpeg 768w, https:\/\/www.guardian-paws.de\/wp-content\/uploads\/2022\/04\/7E9C9C81-5FE5-4E8B-8AE0-9D11D1713F0F.jpeg 1536w\" sizes=\"(max-width: 158px) 100vw, 158px\" \/><\/a>\u00a0Nun kommen langsam die Z\u00e4hnchen durch und die kleinen Cremet\u00f6rtchen st\u00fcrzten sich auf ihre erste Mahlzeit.<\/p>\n<p><img decoding=\"async\" loading=\"lazy\" class=\"alignright\" alt=\"F0BAA860-E01D-4332-8590-A665DA1795F0\" src=\"http:\/\/www.guardian-paws.de\/wp-content\/uploads\/2022\/04\/F0BAA860-E01D-4332-8590-A665DA1795F0-300x168.jpeg\" width=\"240\" height=\"134\" \/><\/p>\n<p>Zu beginn bekommen sie eine Mischung aus Ziegenmilch, aufgeweichtem Trockenfutter und\u00a0Fleisch.\u00a0Dies bekommt auch Brownie zu fressen.<\/p>\n<p>Gerade die <em><strong>ersten Mahlzeiten<\/strong><\/em> sind wirklich spannend, die Welpen lernen ganz neu Nahrung aufzunehmen. Zu Beginn versuchen sie es mit der nat\u00fcrlichen K\u00f6perhaltung, welche sie auch beim trinken bei der Mutter aus\u00fcben. Jedoch klappt das saugen zwischen den tretenden Vorderbeinen nicht beim fressen aus der Schale. nach kurzer Zeit hatte jeder Cr\u00fcmmel den dreh raus und Mama Brownie freute sich auf die schmackhafte Badeaktion ihrerseits bei den Welpen.<\/p>\n<p>Die Welpen haben ihre erste Mahlzeit sehr<em><strong> gut vertragen<\/strong><\/em> und freuten sich am n\u00e4chsten Tag \u00fcber die n\u00e4chste Portion.<\/p>\n<p>Zu <em><strong>Beginn der Woche<\/strong><\/em> hatten wir auch direkt Gl\u00fcck mit dem Wetter, sodass Brownie, Blaub\u00e4r und wir mit den<strong><em> Cr\u00fcmmeln<\/em><\/strong> das erste Mal in den <em><strong>Garten<\/strong><\/em> konnten. Dort kamen auch Oma Juna und Gro\u00dftante Ini dazu.<\/p>\n<p><a href=\"http:\/\/www.guardian-paws.de\/wp-content\/uploads\/2022\/04\/46EE696B-81DF-4B51-8106-4A4BBB31B12B.jpeg\"><img decoding=\"async\" loading=\"lazy\" class=\"alignnone  wp-image-1529\" alt=\"46EE696B-81DF-4B51-8106-4A4BBB31B12B\" src=\"http:\/\/www.guardian-paws.de\/wp-content\/uploads\/2022\/04\/46EE696B-81DF-4B51-8106-4A4BBB31B12B-300x225.jpeg\" width=\"174\" height=\"231\" \/><\/a>\u00a0<a href=\"http:\/\/www.guardian-paws.de\/wp-content\/uploads\/2022\/04\/449103CD-6281-4574-A57E-D981F922E1B7.jpeg\"><img decoding=\"async\" loading=\"lazy\" class=\"alignnone  wp-image-1531\" alt=\"449103CD-6281-4574-A57E-D981F922E1B7\" src=\"http:\/\/www.guardian-paws.de\/wp-content\/uploads\/2022\/04\/449103CD-6281-4574-A57E-D981F922E1B7-300x225.jpeg\" width=\"185\" height=\"139\" srcset=\"https:\/\/www.guardian-paws.de\/wp-content\/uploads\/2022\/04\/449103CD-6281-4574-A57E-D981F922E1B7-300x225.jpeg 300w, https:\/\/www.guardian-paws.de\/wp-content\/uploads\/2022\/04\/449103CD-6281-4574-A57E-D981F922E1B7-1024x768.jpeg 1024w, https:\/\/www.guardian-paws.de\/wp-content\/uploads\/2022\/04\/449103CD-6281-4574-A57E-D981F922E1B7.jpeg 1600w\" sizes=\"(max-width: 185px) 100vw, 185px\" \/><\/a>\u00a0<a href=\"http:\/\/www.guardian-paws.de\/wp-content\/uploads\/2022\/04\/AD7ACC03-8331-44D6-B986-170AFCCDD8ED.jpeg\"><img decoding=\"async\" loading=\"lazy\" class=\"alignnone  wp-image-1527\" alt=\"AD7ACC03-8331-44D6-B986-170AFCCDD8ED\" src=\"http:\/\/www.guardian-paws.de\/wp-content\/uploads\/2022\/04\/AD7ACC03-8331-44D6-B986-170AFCCDD8ED-300x225.jpeg\" width=\"230\" height=\"173\" srcset=\"https:\/\/www.guardian-paws.de\/wp-content\/uploads\/2022\/04\/AD7ACC03-8331-44D6-B986-170AFCCDD8ED-300x225.jpeg 300w, https:\/\/www.guardian-paws.de\/wp-content\/uploads\/2022\/04\/AD7ACC03-8331-44D6-B986-170AFCCDD8ED-1024x768.jpeg 1024w\" sizes=\"(max-width: 230px) 100vw, 230px\" \/><\/a>\u00a0<a href=\"http:\/\/www.guardian-paws.de\/wp-content\/uploads\/2022\/04\/E6DEF3DD-9F99-4313-B0C0-6A1981C437A8.jpeg\"><img decoding=\"async\" loading=\"lazy\" class=\"alignnone  wp-image-1530\" alt=\"E6DEF3DD-9F99-4313-B0C0-6A1981C437A8\" src=\"http:\/\/www.guardian-paws.de\/wp-content\/uploads\/2022\/04\/E6DEF3DD-9F99-4313-B0C0-6A1981C437A8-300x225.jpeg\" width=\"270\" height=\"203\" srcset=\"https:\/\/www.guardian-paws.de\/wp-content\/uploads\/2022\/04\/E6DEF3DD-9F99-4313-B0C0-6A1981C437A8-300x225.jpeg 300w, https:\/\/www.guardian-paws.de\/wp-content\/uploads\/2022\/04\/E6DEF3DD-9F99-4313-B0C0-6A1981C437A8-1024x768.jpeg 1024w, https:\/\/www.guardian-paws.de\/wp-content\/uploads\/2022\/04\/E6DEF3DD-9F99-4313-B0C0-6A1981C437A8.jpeg 1600w\" sizes=\"(max-width: 270px) 100vw, 270px\" \/><\/a><\/p>\n<p>&nbsp;<\/p>\n<p>&nbsp;<\/p>\n<p><a href=\"http:\/\/www.guardian-paws.de\/wp-content\/uploads\/2022\/04\/4F551D5C-FADC-4DBC-83A5-DFED0EE1D306.jpeg\"><img decoding=\"async\" loading=\"lazy\" class=\"size-medium wp-image-1537 alignleft\" alt=\"4F551D5C-FADC-4DBC-83A5-DFED0EE1D306\" src=\"http:\/\/www.guardian-paws.de\/wp-content\/uploads\/2022\/04\/4F551D5C-FADC-4DBC-83A5-DFED0EE1D306-168x300.jpeg\" width=\"168\" height=\"300\" srcset=\"https:\/\/www.guardian-paws.de\/wp-content\/uploads\/2022\/04\/4F551D5C-FADC-4DBC-83A5-DFED0EE1D306-168x300.jpeg 168w, https:\/\/www.guardian-paws.de\/wp-content\/uploads\/2022\/04\/4F551D5C-FADC-4DBC-83A5-DFED0EE1D306-576x1024.jpeg 576w, https:\/\/www.guardian-paws.de\/wp-content\/uploads\/2022\/04\/4F551D5C-FADC-4DBC-83A5-DFED0EE1D306.jpeg 1152w\" sizes=\"(max-width: 168px) 100vw, 168px\" \/><\/a>Mittlerweile entdecken die Kleinen auch den Rest der Wohnung.<br \/>\n<a href=\"http:\/\/www.guardian-paws.de\/wp-content\/uploads\/2022\/04\/6B84F5DB-90AD-4F0B-84EC-680C3830FB18.jpeg\"><img decoding=\"async\" loading=\"lazy\" class=\"alignright\" alt=\"6B84F5DB-90AD-4F0B-84EC-680C3830FB18\" src=\"http:\/\/www.guardian-paws.de\/wp-content\/uploads\/2022\/04\/6B84F5DB-90AD-4F0B-84EC-680C3830FB18-225x300.jpeg\" width=\"225\" height=\"300\" \/><\/a> Tags\u00fcber d\u00fcrfen sie sich haupts\u00e4chlich frei in der Wohnung bewegen.\u00a0Nachts verbleiben die Kleinen zur Sicherheit im Welpengehe im Wohnzimmer.<\/p>\n<p>Unsere Cr\u00fcmmel sind sehr neugierig und inzwischen sehr flott auf den Beinen. In unserer Wohnung haben wir verschiedene Bodenuntergr\u00fcnde, so k\u00f6nnen die Cr\u00fcmmel lernen auch auf glatten, rauen und weichen B\u00f6den zu laufen und trainieren die Muskulatur.<\/p>\n<p><span style=\"text-align: center;\">W\u00e4hrend die Jungs am Abend zur Ruhe kamen und einschliefen, nutze ChaCha die Gelegenheit und spielte mit den Teddys<\/span><\/p>\n<p style=\"text-align: center;\"><a href=\"http:\/\/www.guardian-paws.de\/wp-content\/uploads\/2022\/04\/trim.572449A5-1393-40B4-BEE6-386597AA5348.mov\">trim.572449A5-1393-40B4-BEE6-386597AA5348<\/a><\/p>\n<p style=\"text-align: center;\">Die Cr\u00fcmmel genie\u00dfen ihre Freiheit und auch das Spielzeug der Gro\u00dfen wird in Beschlag gebommen<\/p>\n<p style=\"text-align: center;\"><a href=\"http:\/\/www.guardian-paws.de\/wp-content\/uploads\/2022\/04\/trim.B10B2235-B17F-4998-B2DB-443831BF11F7.mov\">trim.B10B2235-B17F-4998-B2DB-443831BF11F7<\/a><\/p>\n<p style=\"text-align: center;\"><a href=\"http:\/\/www.guardian-paws.de\/wp-content\/uploads\/2022\/04\/D83D3066-9E0B-4FCB-A893-072215C815F0.jpeg\"><img decoding=\"async\" loading=\"lazy\" class=\"alignnone size-medium wp-image-1555\" alt=\"D83D3066-9E0B-4FCB-A893-072215C815F0\" src=\"http:\/\/www.guardian-paws.de\/wp-content\/uploads\/2022\/04\/D83D3066-9E0B-4FCB-A893-072215C815F0-225x300.jpeg\" width=\"225\" height=\"300\" srcset=\"https:\/\/www.guardian-paws.de\/wp-content\/uploads\/2022\/04\/D83D3066-9E0B-4FCB-A893-072215C815F0-225x300.jpeg 225w, https:\/\/www.guardian-paws.de\/wp-content\/uploads\/2022\/04\/D83D3066-9E0B-4FCB-A893-072215C815F0-768x1024.jpeg 768w, https:\/\/www.guardian-paws.de\/wp-content\/uploads\/2022\/04\/D83D3066-9E0B-4FCB-A893-072215C815F0.jpeg 1536w\" sizes=\"(max-width: 225px) 100vw, 225px\" \/><br \/>\n<\/a><\/p>\n<p style=\"text-align: center;\">Papa Wallace ist zu Besuch und schaut in der Mittagsruhe nach dem Rechten.<\/p>\n<p style=\"text-align: center;\">Nun sind die Welpen schon<em><strong> 33 Tage<\/strong><\/em> alt und wir \u00fcben das B\u00fcrsten. Am Anfang nehmen wir eine sehr weiche B\u00fcrste, so ist es f\u00fcr die Kleinen wie eine Massage<\/p>\n<p style=\"text-align: center;\"><a href=\"http:\/\/www.guardian-paws.de\/wp-content\/uploads\/2022\/04\/trim.E5536397-305C-4018-B511-F93C05517924.mov\">trim.E5536397-305C-4018-B511-F93C05517924<\/a><\/p>\n<p style=\"text-align: center;\">Nach der Tiefenentspannung geht es f\u00fcr die Cr\u00fcmmel raus an die frische Luft. Die Sonne scheint, blauer Himmel, das Wetter l\u00e4dt zum Spielen im Garten ein.<\/p>\n<p style=\"text-align: center;\"><a href=\"http:\/\/www.guardian-paws.de\/wp-content\/uploads\/2022\/04\/trim.D96F56F0-9E87-451C-8101-F01E2EC9B2FD.mov\">trim.D96F56F0-9E87-451C-8101-F01E2EC9B2FD<\/a><\/p>\n<p style=\"text-align: left;\"><a href=\"http:\/\/www.guardian-paws.de\/wp-content\/uploads\/2022\/04\/FA9E413B-0077-4B1F-ADD4-2E3D4DBBBC47.jpeg\"><img decoding=\"async\" loading=\"lazy\" class=\"alignnone  wp-image-1559\" alt=\"FA9E413B-0077-4B1F-ADD4-2E3D4DBBBC47\" src=\"http:\/\/www.guardian-paws.de\/wp-content\/uploads\/2022\/04\/FA9E413B-0077-4B1F-ADD4-2E3D4DBBBC47-300x225.jpeg\" width=\"210\" height=\"158\" srcset=\"https:\/\/www.guardian-paws.de\/wp-content\/uploads\/2022\/04\/FA9E413B-0077-4B1F-ADD4-2E3D4DBBBC47-300x225.jpeg 300w, https:\/\/www.guardian-paws.de\/wp-content\/uploads\/2022\/04\/FA9E413B-0077-4B1F-ADD4-2E3D4DBBBC47-1024x768.jpeg 1024w\" sizes=\"(max-width: 210px) 100vw, 210px\" \/><\/a>\u00a0<a href=\"http:\/\/www.guardian-paws.de\/wp-content\/uploads\/2022\/04\/6FDA2407-4F07-4E2E-A314-1412EF7E257B.jpeg\"><img decoding=\"async\" loading=\"lazy\" class=\"alignnone  wp-image-1560\" alt=\"6FDA2407-4F07-4E2E-A314-1412EF7E257B\" src=\"http:\/\/www.guardian-paws.de\/wp-content\/uploads\/2022\/04\/6FDA2407-4F07-4E2E-A314-1412EF7E257B-300x225.jpeg\" width=\"210\" height=\"158\" srcset=\"https:\/\/www.guardian-paws.de\/wp-content\/uploads\/2022\/04\/6FDA2407-4F07-4E2E-A314-1412EF7E257B-300x225.jpeg 300w, https:\/\/www.guardian-paws.de\/wp-content\/uploads\/2022\/04\/6FDA2407-4F07-4E2E-A314-1412EF7E257B-1024x768.jpeg 1024w\" sizes=\"(max-width: 210px) 100vw, 210px\" \/><\/a>\u00a0<a href=\"http:\/\/www.guardian-paws.de\/wp-content\/uploads\/2022\/04\/C2FEB0C0-2C3A-4961-B508-3A60521962F8.jpeg\"><img decoding=\"async\" loading=\"lazy\" class=\"alignnone  wp-image-1561\" alt=\"C2FEB0C0-2C3A-4961-B508-3A60521962F8\" src=\"http:\/\/www.guardian-paws.de\/wp-content\/uploads\/2022\/04\/C2FEB0C0-2C3A-4961-B508-3A60521962F8-300x225.jpeg\" width=\"210\" height=\"158\" srcset=\"https:\/\/www.guardian-paws.de\/wp-content\/uploads\/2022\/04\/C2FEB0C0-2C3A-4961-B508-3A60521962F8-300x225.jpeg 300w, https:\/\/www.guardian-paws.de\/wp-content\/uploads\/2022\/04\/C2FEB0C0-2C3A-4961-B508-3A60521962F8-1024x768.jpeg 1024w\" sizes=\"(max-width: 210px) 100vw, 210px\" \/><\/a><\/p>\n","protected":false},"excerpt":{"rendered":"<p>Nun sind die kleinen Cr\u00fcmmel von Brownie schon\u00a029 Tage\u00a0alt und starten voller Energie in die\u00a05.\u00a0Lebenswoche \u00a0Nun kommen langsam die Z\u00e4hnchen durch und die kleinen Cremet\u00f6rtchen st\u00fcrzten sich auf ihre erste Mahlzeit. Zu beginn bekommen sie eine Mischung aus Ziegenmilch, aufgeweichtem Trockenfutter und\u00a0Fleisch.\u00a0Dies bekommt auch Brownie zu fressen. Gerade die ersten Mahlzeiten sind wirklich spannend, die [&hellip;]<\/p>\n","protected":false},"author":1,"featured_media":0,"parent":0,"menu_order":0,"comment_status":"open","ping_status":"open","template":"","meta":[],"_links":{"self":[{"href":"https:\/\/www.guardian-paws.de\/index.php?rest_route=\/wp\/v2\/pages\/1539"}],"collection":[{"href":"https:\/\/www.guardian-paws.de\/index.php?rest_route=\/wp\/v2\/pages"}],"about":[{"href":"https:\/\/www.guardian-paws.de\/index.php?rest_route=\/wp\/v2\/types\/page"}],"author":[{"embeddable":true,"href":"https:\/\/www.guardian-paws.de\/index.php?rest_route=\/wp\/v2\/users\/1"}],"replies":[{"embeddable":true,"href":"https:\/\/www.guardian-paws.de\/index.php?rest_route=%2Fwp%2Fv2%2Fcomments&post=1539"}],"version-history":[{"count":11,"href":"https:\/\/www.guardian-paws.de\/index.php?rest_route=\/wp\/v2\/pages\/1539\/revisions"}],"predecessor-version":[{"id":1562,"href":"https:\/\/www.guardian-paws.de\/index.php?rest_route=\/wp\/v2\/pages\/1539\/revisions\/1562"}],"wp:attachment":[{"href":"https:\/\/www.guardian-paws.de\/index.php?rest_route=%2Fwp%2Fv2%2Fmedia&parent=1539"}],"curies":[{"name":"wp","href":"https:\/\/api.w.org\/{rel}","templated":true}]}}