{"id":1424,"date":"2022-03-29T15:48:34","date_gmt":"2022-03-29T13:48:34","guid":{"rendered":"http:\/\/www.guardian-paws.de\/?page_id=1424"},"modified":"2022-04-03T21:48:41","modified_gmt":"2022-04-03T19:48:41","slug":"woche-3","status":"publish","type":"page","link":"https:\/\/www.guardian-paws.de\/?page_id=1424","title":{"rendered":"Woche 3"},"content":{"rendered":"<p style=\"text-align: left;\">Heute am 29.03. beginnt die\u00a0<em><strong>3.<\/strong><\/em><strong> Lebenswoche<\/strong> unserer immer schneller wachsenden BrownieCr\u00fcmmel.<\/p>\n<p style=\"text-align: left;\">Seit vorgestern fange an sich die Augen zu \u00f6ffnen und die Welpen gew\u00f6hnen sich an das helle Tageslicht. <a href=\"http:\/\/www.guardian-paws.de\/wp-content\/uploads\/2022\/03\/F3C6D53B-8810-4C0B-88F3-F2B7B827930A.jpeg\"><img decoding=\"async\" loading=\"lazy\" class=\" wp-image-1425 alignleft\" alt=\"F3C6D53B-8810-4C0B-88F3-F2B7B827930A\" src=\"http:\/\/www.guardian-paws.de\/wp-content\/uploads\/2022\/03\/F3C6D53B-8810-4C0B-88F3-F2B7B827930A-300x225.jpeg\" width=\"210\" height=\"158\" srcset=\"https:\/\/www.guardian-paws.de\/wp-content\/uploads\/2022\/03\/F3C6D53B-8810-4C0B-88F3-F2B7B827930A-300x225.jpeg 300w, https:\/\/www.guardian-paws.de\/wp-content\/uploads\/2022\/03\/F3C6D53B-8810-4C0B-88F3-F2B7B827930A-1024x768.jpeg 1024w\" sizes=\"(max-width: 210px) 100vw, 210px\" \/><\/a>Mittlerweile wiegen die R\u00fcden alle \u00fcber 1kg, die kleine H\u00fcndin holt aber gut auf und ist dem Kilo schon sehr nahe.\u00a0<a href=\"http:\/\/www.guardian-paws.de\/wp-content\/uploads\/2022\/03\/3DE90302-19FE-475C-B137-230C2A315876.jpeg\"><img decoding=\"async\" loading=\"lazy\" class=\" wp-image-1426 alignright\" alt=\"3DE90302-19FE-475C-B137-230C2A315876\" src=\"http:\/\/www.guardian-paws.de\/wp-content\/uploads\/2022\/03\/3DE90302-19FE-475C-B137-230C2A315876-300x225.jpeg\" width=\"210\" height=\"158\" srcset=\"https:\/\/www.guardian-paws.de\/wp-content\/uploads\/2022\/03\/3DE90302-19FE-475C-B137-230C2A315876-300x225.jpeg 300w, https:\/\/www.guardian-paws.de\/wp-content\/uploads\/2022\/03\/3DE90302-19FE-475C-B137-230C2A315876-1024x768.jpeg 1024w\" sizes=\"(max-width: 210px) 100vw, 210px\" \/><\/a><\/p>\n<p style=\"text-align: left;\">Die Kleinen werden immer agiler und schon sicherer auf den Beinen. Kleine Strecken durch die Wurfbox k\u00f6nnen schon ohne umkippen bew\u00e4ltigt werden.<\/p>\n<p style=\"text-align: left;\">Mittlerweile entdecken die Zuckernasen mit Schokoglasur immer mehr die bunte Welt um sie herum und finden auch schon Spa\u00df daran etwas zu spielen.<\/p>\n<p style=\"text-align: left;\"><a href=\"http:\/\/www.guardian-paws.de\/wp-content\/uploads\/2022\/03\/trim.A49F49D4-7D91-4587-B504-EC51F320350F.mov\">trim.A49F49D4-7D91-4587-B504-EC51F320350F<\/a><\/p>\n<p style=\"text-align: left;\">Nun sind die Cr\u00fcmmel\u00a0<em><strong>16<\/strong><\/em><strong> Tage<\/strong> alt. <a href=\"http:\/\/www.guardian-paws.de\/wp-content\/uploads\/2022\/03\/CAFED931-62CE-447C-842E-35FE0E498947.jpeg\"><img decoding=\"async\" loading=\"lazy\" class=\" wp-image-1435 alignleft\" alt=\"CAFED931-62CE-447C-842E-35FE0E498947\" src=\"http:\/\/www.guardian-paws.de\/wp-content\/uploads\/2022\/03\/CAFED931-62CE-447C-842E-35FE0E498947-300x225.jpeg\" width=\"210\" height=\"158\" srcset=\"https:\/\/www.guardian-paws.de\/wp-content\/uploads\/2022\/03\/CAFED931-62CE-447C-842E-35FE0E498947-300x225.jpeg 300w, https:\/\/www.guardian-paws.de\/wp-content\/uploads\/2022\/03\/CAFED931-62CE-447C-842E-35FE0E498947-1024x768.jpeg 1024w\" sizes=\"(max-width: 210px) 100vw, 210px\" \/><\/a>Gestern fand die erste Wurfabnahme statt. Dabei schaut der Zuchtwart sich die Mutterh\u00fcndin, ihre Welpen und die noch im Haus lebenden Hunde an. Es wird darauf geachtet, dass die Welpen und die Erwachsenen Hunde in unserer Zuchtst\u00e4tte gut gehalten werden. Es m\u00fcssen alle Auflagen erf\u00fcllt sein. Zus\u00e4tzlich werden die Welpen in Augenschein genommen. Unsere Kleinen entsprechen alle dem Standart und machten einen aufgeweckten Eindruck. Insgesamt war die Zuchtwarten sehr zufrieden.<\/p>\n<p style=\"text-align: left;\"><a href=\"http:\/\/www.guardian-paws.de\/wp-content\/uploads\/2022\/03\/A9AEFB45-F793-4A0F-AA10-9733CF6C6F40.jpeg\"><img decoding=\"async\" loading=\"lazy\" class=\" wp-image-1438 alignleft\" alt=\"A9AEFB45-F793-4A0F-AA10-9733CF6C6F40\" src=\"http:\/\/www.guardian-paws.de\/wp-content\/uploads\/2022\/03\/A9AEFB45-F793-4A0F-AA10-9733CF6C6F40-217x300.jpeg\" width=\"152\" height=\"210\" srcset=\"https:\/\/www.guardian-paws.de\/wp-content\/uploads\/2022\/03\/A9AEFB45-F793-4A0F-AA10-9733CF6C6F40-217x300.jpeg 217w, https:\/\/www.guardian-paws.de\/wp-content\/uploads\/2022\/03\/A9AEFB45-F793-4A0F-AA10-9733CF6C6F40.jpeg 739w\" sizes=\"(max-width: 152px) 100vw, 152px\" \/><\/a>Heute durften die 5 Kleinen ihren ersten kleinen Ausflug machen.<a href=\"http:\/\/www.guardian-paws.de\/wp-content\/uploads\/2022\/03\/D221CAE5-5B7A-41F9-AB43-58111BF2FF80.png\"><img decoding=\"async\" loading=\"lazy\" class=\" wp-image-1436 alignright\" alt=\"D221CAE5-5B7A-41F9-AB43-58111BF2FF80\" src=\"http:\/\/www.guardian-paws.de\/wp-content\/uploads\/2022\/03\/D221CAE5-5B7A-41F9-AB43-58111BF2FF80-168x300.png\" width=\"118\" height=\"210\" srcset=\"https:\/\/www.guardian-paws.de\/wp-content\/uploads\/2022\/03\/D221CAE5-5B7A-41F9-AB43-58111BF2FF80-168x300.png 168w, https:\/\/www.guardian-paws.de\/wp-content\/uploads\/2022\/03\/D221CAE5-5B7A-41F9-AB43-58111BF2FF80-575x1024.png 575w, https:\/\/www.guardian-paws.de\/wp-content\/uploads\/2022\/03\/D221CAE5-5B7A-41F9-AB43-58111BF2FF80.png 750w\" sizes=\"(max-width: 118px) 100vw, 118px\" \/><\/a> Es ging von der Wurfbox aus in unseren kleinen Flur. Dort wurden sie direkt liebevoll von Tante Blaub\u00e4r begr\u00fc\u00dft.\u00a0Brownie hatte alles gut im Blick und die Welpen konnten die ersten Quadratmeter im Flur entdecken.<\/p>\n<p>&nbsp;<\/p>\n<p>&nbsp;<\/p>\n<p>&nbsp;<\/p>\n<p style=\"text-align: center;\">\u00a0<span style=\"text-align: center;\">Seit Tag 18 wird schon immer mehr miteinander gerauft.<\/span><\/p>\n<p style=\"text-align: center;\"><a href=\"http:\/\/www.guardian-paws.de\/wp-content\/uploads\/2022\/03\/trim.72909C54-ECC3-481F-BCF8-9209B0753E75.mov\">trim.72909C54-ECC3-481F-BCF8-9209B0753E75<\/a><\/p>\n","protected":false},"excerpt":{"rendered":"<p>Heute am 29.03. beginnt die\u00a03. Lebenswoche unserer immer schneller wachsenden BrownieCr\u00fcmmel. Seit vorgestern fange an sich die Augen zu \u00f6ffnen und die Welpen gew\u00f6hnen sich an das helle Tageslicht. Mittlerweile wiegen die R\u00fcden alle \u00fcber 1kg, die kleine H\u00fcndin holt aber gut auf und ist dem Kilo schon sehr nahe.\u00a0 Die Kleinen werden immer agiler [&hellip;]<\/p>\n","protected":false},"author":1,"featured_media":0,"parent":0,"menu_order":0,"comment_status":"open","ping_status":"open","template":"","meta":[],"_links":{"self":[{"href":"https:\/\/www.guardian-paws.de\/index.php?rest_route=\/wp\/v2\/pages\/1424"}],"collection":[{"href":"https:\/\/www.guardian-paws.de\/index.php?rest_route=\/wp\/v2\/pages"}],"about":[{"href":"https:\/\/www.guardian-paws.de\/index.php?rest_route=\/wp\/v2\/types\/page"}],"author":[{"embeddable":true,"href":"https:\/\/www.guardian-paws.de\/index.php?rest_route=\/wp\/v2\/users\/1"}],"replies":[{"embeddable":true,"href":"https:\/\/www.guardian-paws.de\/index.php?rest_route=%2Fwp%2Fv2%2Fcomments&post=1424"}],"version-history":[{"count":7,"href":"https:\/\/www.guardian-paws.de\/index.php?rest_route=\/wp\/v2\/pages\/1424\/revisions"}],"predecessor-version":[{"id":1467,"href":"https:\/\/www.guardian-paws.de\/index.php?rest_route=\/wp\/v2\/pages\/1424\/revisions\/1467"}],"wp:attachment":[{"href":"https:\/\/www.guardian-paws.de\/index.php?rest_route=%2Fwp%2Fv2%2Fmedia&parent=1424"}],"curies":[{"name":"wp","href":"https:\/\/api.w.org\/{rel}","templated":true}]}}