{"id":1381,"date":"2022-03-22T23:38:42","date_gmt":"2022-03-22T21:38:42","guid":{"rendered":"http:\/\/www.guardian-paws.de\/?page_id=1381"},"modified":"2022-04-03T21:50:17","modified_gmt":"2022-04-03T19:50:17","slug":"woche-2","status":"publish","type":"page","link":"https:\/\/www.guardian-paws.de\/?page_id=1381","title":{"rendered":"Woche 2"},"content":{"rendered":"<p><em>Brownies kleine Cr\u00fcmmel gehen in die 2. Woche\u2026<\/em><br \/>\n<a href=\"http:\/\/www.guardian-paws.de\/wp-content\/uploads\/2022\/03\/42D1F60E-4CB2-4A21-A65F-CC6A9E2C2DD8.jpeg\"><img decoding=\"async\" loading=\"lazy\" class=\" wp-image-1387 alignleft\" alt=\"42D1F60E-4CB2-4A21-A65F-CC6A9E2C2DD8\" src=\"http:\/\/www.guardian-paws.de\/wp-content\/uploads\/2022\/03\/42D1F60E-4CB2-4A21-A65F-CC6A9E2C2DD8-300x225.jpeg\" width=\"210\" height=\"158\" srcset=\"https:\/\/www.guardian-paws.de\/wp-content\/uploads\/2022\/03\/42D1F60E-4CB2-4A21-A65F-CC6A9E2C2DD8-300x225.jpeg 300w, https:\/\/www.guardian-paws.de\/wp-content\/uploads\/2022\/03\/42D1F60E-4CB2-4A21-A65F-CC6A9E2C2DD8-1024x768.jpeg 1024w\" sizes=\"(max-width: 210px) 100vw, 210px\" \/><\/a>Die 2. Woche der BrownieCr\u00fcmmel beginnt. Die Welpen haben schon ihr Geburtsgewicht fast verdoppelt und \u00fcben flei\u00dfig das heben des Vorderk\u00f6rpers und das heben des Popos. <a href=\"http:\/\/www.guardian-paws.de\/wp-content\/uploads\/2022\/03\/30850EC4-B64B-49C5-A7E2-1887E3E2655D.jpeg\"><img decoding=\"async\" loading=\"lazy\" class=\" wp-image-1383 alignright\" alt=\"30850EC4-B64B-49C5-A7E2-1887E3E2655D\" src=\"http:\/\/www.guardian-paws.de\/wp-content\/uploads\/2022\/03\/30850EC4-B64B-49C5-A7E2-1887E3E2655D-300x225.jpeg\" width=\"210\" height=\"158\" srcset=\"https:\/\/www.guardian-paws.de\/wp-content\/uploads\/2022\/03\/30850EC4-B64B-49C5-A7E2-1887E3E2655D-300x225.jpeg 300w, https:\/\/www.guardian-paws.de\/wp-content\/uploads\/2022\/03\/30850EC4-B64B-49C5-A7E2-1887E3E2655D-1024x768.jpeg 1024w\" sizes=\"(max-width: 210px) 100vw, 210px\" \/><\/a>Nat\u00fcrlich schlafen sie noch viel, jedoch ist das Gewusel in der Wurfbox wenn Mama Brownie kommt schon mehr.<\/p>\n<p>&nbsp;<\/p>\n<p><a href=\"http:\/\/www.guardian-paws.de\/wp-content\/uploads\/2022\/03\/E411092B-CB60-4935-85D4-1EB263843858.jpeg\"><img decoding=\"async\" loading=\"lazy\" class=\"wp-image-1384 alignleft\" alt=\"E411092B-CB60-4935-85D4-1EB263843858\" src=\"http:\/\/www.guardian-paws.de\/wp-content\/uploads\/2022\/03\/E411092B-CB60-4935-85D4-1EB263843858-300x225.jpeg\" width=\"210\" height=\"158\" srcset=\"https:\/\/www.guardian-paws.de\/wp-content\/uploads\/2022\/03\/E411092B-CB60-4935-85D4-1EB263843858-300x225.jpeg 300w, https:\/\/www.guardian-paws.de\/wp-content\/uploads\/2022\/03\/E411092B-CB60-4935-85D4-1EB263843858-1024x768.jpeg 1024w, https:\/\/www.guardian-paws.de\/wp-content\/uploads\/2022\/03\/E411092B-CB60-4935-85D4-1EB263843858.jpeg 2048w\" sizes=\"(max-width: 210px) 100vw, 210px\" \/><\/a><\/p>\n<p>Mama Brownie schaut regelm\u00e4\u00dfig nach den kleinen. Hier der letzte Kontrollblick vor dem Fressen.<\/p>\n<p>Mittlerweile darf auch Tante Blaub\u00e4r gucken kommen. Sie ist neugierig und durfte auch schonmal hier und da beim putzen helfen, jedoch ist bei Tante Blaub\u00e4r auch der Futternapf von Brownie, welcher momentan 24h gef\u00fcllt ist und neben der Wurfbox steht, sehr beliebt.<\/p>\n<p style=\"text-align: center;\">Beim t\u00e4glichen Mittagsschlaf wird ausgiebig geschmust.\u00a0<a href=\"http:\/\/www.guardian-paws.de\/wp-content\/uploads\/2022\/03\/8981A719-FA68-46DA-B835-F808BAF892A9.jpeg\"><img decoding=\"async\" loading=\"lazy\" alt=\"8981A719-FA68-46DA-B835-F808BAF892A9\" src=\"http:\/\/www.guardian-paws.de\/wp-content\/uploads\/2022\/03\/8981A719-FA68-46DA-B835-F808BAF892A9-300x225.jpeg\" width=\"273\" height=\"205\" \/><\/a><\/p>\n<p>&nbsp;<\/p>\n<p style=\"text-align: center;\">Tag 10. Die 5 Cr\u00fcmmel beginnen zu laufen. Noch wackelig unterwegs, kommen sie schon schneller ans Ziel.<\/p>\n<p style=\"text-align: center;\">\u00a0<a href=\"http:\/\/www.guardian-paws.de\/wp-content\/uploads\/2022\/03\/trim.83989291-B0B3-4D80-8ACB-01A87BA5E4C8.mov\">trim.83989291-B0B3-4D80-8ACB-01A87BA5E4C8<\/a><\/p>\n<p style=\"text-align: center;\">Am Tag 13 wird nochmal ordentlich getrunken, um gut gest\u00e4rkt in die 3. Woche zu starten<\/p>\n<p style=\"text-align: center;\">\u00a0<a href=\"http:\/\/www.guardian-paws.de\/wp-content\/uploads\/2022\/03\/trim.611ADB08-CFF1-420E-805E-CB64352E929C.mov\">trim.611ADB08-CFF1-420E-805E-CB64352E929C<\/a><\/p>\n<p>Zum Ende des Tages freute sich auch Tante Blaub\u00e4r die Welpen mal in der Wurfbox besuchen zu d\u00fcrfen. <a href=\"http:\/\/www.guardian-paws.de\/wp-content\/uploads\/2022\/03\/3CD69FF1-3745-44EF-98D5-4A72109A1739.jpeg\"><img decoding=\"async\" loading=\"lazy\" class=\" wp-image-1419 alignright\" alt=\"3CD69FF1-3745-44EF-98D5-4A72109A1739\" src=\"http:\/\/www.guardian-paws.de\/wp-content\/uploads\/2022\/03\/3CD69FF1-3745-44EF-98D5-4A72109A1739-300x225.jpeg\" width=\"210\" height=\"158\" srcset=\"https:\/\/www.guardian-paws.de\/wp-content\/uploads\/2022\/03\/3CD69FF1-3745-44EF-98D5-4A72109A1739-300x225.jpeg 300w, https:\/\/www.guardian-paws.de\/wp-content\/uploads\/2022\/03\/3CD69FF1-3745-44EF-98D5-4A72109A1739-1024x768.jpeg 1024w\" sizes=\"(max-width: 210px) 100vw, 210px\" \/><\/a>BlauB\u00e4r war sehr behutsam und putzte die Kleinen. Brownie beobachtete das Ganze vom Bett und schien erfreut \u00fcber die Pause.<\/p>\n<p>&nbsp;<\/p>\n","protected":false},"excerpt":{"rendered":"<p>Brownies kleine Cr\u00fcmmel gehen in die 2. Woche\u2026 Die 2. Woche der BrownieCr\u00fcmmel beginnt. Die Welpen haben schon ihr Geburtsgewicht fast verdoppelt und \u00fcben flei\u00dfig das heben des Vorderk\u00f6rpers und das heben des Popos. Nat\u00fcrlich schlafen sie noch viel, jedoch ist das Gewusel in der Wurfbox wenn Mama Brownie kommt schon mehr. &nbsp; Mama Brownie [&hellip;]<\/p>\n","protected":false},"author":1,"featured_media":0,"parent":0,"menu_order":0,"comment_status":"open","ping_status":"open","template":"","meta":[],"_links":{"self":[{"href":"https:\/\/www.guardian-paws.de\/index.php?rest_route=\/wp\/v2\/pages\/1381"}],"collection":[{"href":"https:\/\/www.guardian-paws.de\/index.php?rest_route=\/wp\/v2\/pages"}],"about":[{"href":"https:\/\/www.guardian-paws.de\/index.php?rest_route=\/wp\/v2\/types\/page"}],"author":[{"embeddable":true,"href":"https:\/\/www.guardian-paws.de\/index.php?rest_route=\/wp\/v2\/users\/1"}],"replies":[{"embeddable":true,"href":"https:\/\/www.guardian-paws.de\/index.php?rest_route=%2Fwp%2Fv2%2Fcomments&post=1381"}],"version-history":[{"count":11,"href":"https:\/\/www.guardian-paws.de\/index.php?rest_route=\/wp\/v2\/pages\/1381\/revisions"}],"predecessor-version":[{"id":1468,"href":"https:\/\/www.guardian-paws.de\/index.php?rest_route=\/wp\/v2\/pages\/1381\/revisions\/1468"}],"wp:attachment":[{"href":"https:\/\/www.guardian-paws.de\/index.php?rest_route=%2Fwp%2Fv2%2Fmedia&parent=1381"}],"curies":[{"name":"wp","href":"https:\/\/api.w.org\/{rel}","templated":true}]}}