{"id":137,"date":"2013-11-10T22:48:45","date_gmt":"2013-11-10T20:48:45","guid":{"rendered":"http:\/\/www.guardian-paws.de\/?page_id=137"},"modified":"2022-02-24T13:03:52","modified_gmt":"2022-02-24T11:03:52","slug":"ueber-mich-2","status":"publish","type":"page","link":"https:\/\/www.guardian-paws.de\/?page_id=137","title":{"rendered":"\u00dcber mich"},"content":{"rendered":"<p>Hallo,<\/p>\n<p>mein Name ist Hannah Richter und ich \u00fcbe seit 2009 mit meinen Beardes die H\u00fcte Arbeit aus. 2009 habe ich das erste mal die Schafsluft schnuppern d\u00fcrfen und war von dem Thema und meinen Hunden total begeistert. Es war toll zu sehen, wie viel Trieb in den Traditionellen H\u00fctehunden noch steckt, obwohl sie nicht mehr oft, aber zum Gl\u00fcck immer \u00f6fters, noch als Arbeitshunde eingesetzt werden.\u00a0\u00a0Seit 2012\u00a0geh\u00f6rt eine eigene Schafsherde zu mir, an denen ich mit meinen eigenen und fremden Hunden arbeite. Dazu k\u00f6nnen auch gerne H\u00fctebegeisterte ebenfalls mit ihren Hunden (haupts\u00e4chlich Beardies) bei mir trainieren.<\/p>\n<p>Seit 2012 z\u00e4hle ich\u00a0zu der Interessengemeinschaft WBCG (Working Bearded Collie Deutschland ), wo man sich mit Erfahrenen und Einsteigern\u00a0austauschen kann. Zudem organisiert der WBCG regelm\u00e4\u00dfig Seminare f\u00fcr Anf\u00e4nger bis Fortgeschrittene in der H\u00fcte Arbeit mit Beardies.<\/p>\n<p>Seit 2012 geh\u00f6re ich ebenfalls zum H\u00fcteteam des BCCD (Bearded Collie Club Deutschland), welcher regelm\u00e4\u00dfig Schnupperh\u00fcten mit mir als Anleiter und Tuniere sowie Pr\u00fcfungen bei mir auf der Weide ausrichtet.<\/p>\n<p>F\u00fcr Fragen stehe ich ihnen gerne t\u00e4glich ab 17:00 Uhr unter der Tel. Nr. 0174\/3438740\u00a0zur Verf\u00fcgung und freue mich \u00fcber Interessierte Beardebesitzer, die den Einstieg in die H\u00fcte Arbeit suchen.<\/p>\n<p>&nbsp;<\/p>\n<p>Mit freundlichen Gr\u00fc\u00dfen<\/p>\n<p style=\"text-align: center;\"><a href=\"http:\/\/www.guardian-paws.de\/wp-content\/uploads\/2013\/11\/B01DC2B3-2507-4135-9E60-69633F9D90B7.jpeg\"><img decoding=\"async\" loading=\"lazy\" class=\" wp-image-1230 aligncenter\" alt=\"B01DC2B3-2507-4135-9E60-69633F9D90B7\" src=\"http:\/\/www.guardian-paws.de\/wp-content\/uploads\/2013\/11\/B01DC2B3-2507-4135-9E60-69633F9D90B7-300x225.jpeg\" width=\"225\" height=\"300\" \/><\/a><\/p>\n<p>\u00a0 \u00a0 \u00a0 \u00a0 \u00a0 \u00a0 \u00a0 \u00a0 \u00a0 \u00a0 \u00a0 \u00a0 \u00a0 \u00a0 \u00a0 \u00a0 \u00a0 \u00a0 \u00a0 \u00a0 \u00a0 \u00a0 \u00a0 \u00a0 \u00a0 \u00a0 \u00a0 \u00a0 \u00a0 \u00a0 \u00a0 \u00a0 \u00a0 Hannah Richter<\/p>\n","protected":false},"excerpt":{"rendered":"<p>Hallo, mein Name ist Hannah Richter und ich \u00fcbe seit 2009 mit meinen Beardes die H\u00fcte Arbeit aus. 2009 habe ich das erste mal die Schafsluft schnuppern d\u00fcrfen und war von dem Thema und meinen Hunden total begeistert. Es war toll zu sehen, wie viel Trieb in den Traditionellen H\u00fctehunden noch steckt, obwohl sie nicht [&hellip;]<\/p>\n","protected":false},"author":1,"featured_media":0,"parent":0,"menu_order":0,"comment_status":"open","ping_status":"open","template":"","meta":[],"_links":{"self":[{"href":"https:\/\/www.guardian-paws.de\/index.php?rest_route=\/wp\/v2\/pages\/137"}],"collection":[{"href":"https:\/\/www.guardian-paws.de\/index.php?rest_route=\/wp\/v2\/pages"}],"about":[{"href":"https:\/\/www.guardian-paws.de\/index.php?rest_route=\/wp\/v2\/types\/page"}],"author":[{"embeddable":true,"href":"https:\/\/www.guardian-paws.de\/index.php?rest_route=\/wp\/v2\/users\/1"}],"replies":[{"embeddable":true,"href":"https:\/\/www.guardian-paws.de\/index.php?rest_route=%2Fwp%2Fv2%2Fcomments&post=137"}],"version-history":[{"count":6,"href":"https:\/\/www.guardian-paws.de\/index.php?rest_route=\/wp\/v2\/pages\/137\/revisions"}],"predecessor-version":[{"id":1231,"href":"https:\/\/www.guardian-paws.de\/index.php?rest_route=\/wp\/v2\/pages\/137\/revisions\/1231"}],"wp:attachment":[{"href":"https:\/\/www.guardian-paws.de\/index.php?rest_route=%2Fwp%2Fv2%2Fmedia&parent=137"}],"curies":[{"name":"wp","href":"https:\/\/api.w.org\/{rel}","templated":true}]}}