{"id":1324,"date":"2022-03-18T15:55:25","date_gmt":"2022-03-18T13:55:25","guid":{"rendered":"http:\/\/www.guardian-paws.de\/?page_id=1324"},"modified":"2022-03-19T22:12:19","modified_gmt":"2022-03-19T20:12:19","slug":"woche-1","status":"publish","type":"page","link":"https:\/\/www.guardian-paws.de\/?page_id=1324","title":{"rendered":"Woche 1"},"content":{"rendered":"<p><b><i>Die erste Lebenswoche unserer kleinen BrownieCr\u00fcmmel beginnt<\/i><\/b>.<\/p>\n<p><a href=\"http:\/\/www.guardian-paws.de\/wp-content\/uploads\/2022\/03\/6BB0EB8B-2077-4AD8-8412-65C13FB61065.jpeg\"><img decoding=\"async\" loading=\"lazy\" alt=\"6BB0EB8B-2077-4AD8-8412-65C13FB61065\" src=\"http:\/\/www.guardian-paws.de\/wp-content\/uploads\/2022\/03\/6BB0EB8B-2077-4AD8-8412-65C13FB61065-300x225.jpeg\" width=\"210\" height=\"158\" \/><\/a>Nach der Geburt haben wir Brownie erstmal geduscht und die Wurfkiste neu ausgelegt. Danach freute sich Brownie \u00fcber die St\u00e4rkung.<\/p>\n<p>Mama Brownie und ihre Welpen sind in den ersten 2 Tagen noch etwas ersch\u00f6pft<br \/>\n<a href=\"http:\/\/www.guardian-paws.de\/wp-content\/uploads\/2022\/03\/2A9D9070-16DD-40D2-99D7-64B6944B91BD.jpeg\"><img decoding=\"async\" loading=\"lazy\" class=\"alignright\" alt=\"2A9D9070-16DD-40D2-99D7-64B6944B91BD\" src=\"http:\/\/www.guardian-paws.de\/wp-content\/uploads\/2022\/03\/2A9D9070-16DD-40D2-99D7-64B6944B91BD-300x225.jpeg\" width=\"210\" height=\"158\" \/><\/a>von der Geburt. Die kleinen Cr\u00fcmmel erholen sich in Brownies Obhut.<\/p>\n<p>Brownie wird von uns gerade am Anfang sehr viel unterst\u00fctzt. Es ist ihr erster Wurf und sie muss noch lernen mit ihren Welpen sicher umzugehen.<\/p>\n<p>Dies bedeutet nat\u00fcrlich auch f\u00fcr uns Nachtschicht, um die H\u00fcndin m\u00f6glichst viel zu<\/p>\n<p><a href=\"http:\/\/www.guardian-paws.de\/wp-content\/uploads\/2022\/03\/426BD8A5-92CB-4FD5-94F7-98E1C1C54D01.jpeg\"><img decoding=\"async\" loading=\"lazy\" class=\"alignleft\" alt=\"426BD8A5-92CB-4FD5-94F7-98E1C1C54D01\" src=\"http:\/\/www.guardian-paws.de\/wp-content\/uploads\/2022\/03\/426BD8A5-92CB-4FD5-94F7-98E1C1C54D01-300x168.jpeg\" width=\"210\" height=\"118\" \/><\/a>Unterst\u00fctzen und ihr zu zeigen, wie sie sich am besten hinlegen kann. Uns geht jedes Mal das Herz auf, wie gerne die H\u00fcndinnen diese Hilfe annehmen und uns so ihr Vertrauen schenken.<br \/>\nAm<b><i> 3. Tag<\/i><\/b> sind unsere Cr\u00fcmmel \u00a0aktiver. Sie krabbeln schon etwas durch die Wurfbox und auch das zu erahnene Bellen ert\u00f6nt kr\u00e4ftiger.<br \/>\nDie kleinen schlafen noch viel und haben schon die besten Liegepositionen f\u00fcr sich entdeckt.<\/p>\n<p><a href=\"http:\/\/www.guardian-paws.de\/wp-content\/uploads\/2022\/03\/031D7B59-71D5-4146-9841-60E9BE48181A.jpeg\"><img decoding=\"async\" loading=\"lazy\" class=\"alignnone  wp-image-1331\" alt=\"031D7B59-71D5-4146-9841-60E9BE48181A\" src=\"http:\/\/www.guardian-paws.de\/wp-content\/uploads\/2022\/03\/031D7B59-71D5-4146-9841-60E9BE48181A-225x300.jpeg\" width=\"158\" height=\"210\" srcset=\"https:\/\/www.guardian-paws.de\/wp-content\/uploads\/2022\/03\/031D7B59-71D5-4146-9841-60E9BE48181A-225x300.jpeg 225w, https:\/\/www.guardian-paws.de\/wp-content\/uploads\/2022\/03\/031D7B59-71D5-4146-9841-60E9BE48181A-768x1024.jpeg 768w, https:\/\/www.guardian-paws.de\/wp-content\/uploads\/2022\/03\/031D7B59-71D5-4146-9841-60E9BE48181A.jpeg 1536w\" sizes=\"(max-width: 158px) 100vw, 158px\" \/><\/a>\u00a0\u00a0<a href=\"http:\/\/www.guardian-paws.de\/wp-content\/uploads\/2022\/03\/F2A14632-3232-4575-A936-0196BA13137E.jpeg\"><img decoding=\"async\" loading=\"lazy\" class=\"alignnone  wp-image-1332\" alt=\"F2A14632-3232-4575-A936-0196BA13137E\" src=\"http:\/\/www.guardian-paws.de\/wp-content\/uploads\/2022\/03\/F2A14632-3232-4575-A936-0196BA13137E-225x300.jpeg\" width=\"158\" height=\"210\" srcset=\"https:\/\/www.guardian-paws.de\/wp-content\/uploads\/2022\/03\/F2A14632-3232-4575-A936-0196BA13137E-225x300.jpeg 225w, https:\/\/www.guardian-paws.de\/wp-content\/uploads\/2022\/03\/F2A14632-3232-4575-A936-0196BA13137E-768x1024.jpeg 768w, https:\/\/www.guardian-paws.de\/wp-content\/uploads\/2022\/03\/F2A14632-3232-4575-A936-0196BA13137E.jpeg 1536w\" sizes=\"(max-width: 158px) 100vw, 158px\" \/><\/a>\u00a0\u00a0<a href=\"http:\/\/www.guardian-paws.de\/wp-content\/uploads\/2022\/03\/C04E26A8-A8F6-409C-A2AB-CE5A884C15F2.jpeg\"><img decoding=\"async\" loading=\"lazy\" class=\"alignnone  wp-image-1333\" alt=\"C04E26A8-A8F6-409C-A2AB-CE5A884C15F2\" src=\"http:\/\/www.guardian-paws.de\/wp-content\/uploads\/2022\/03\/C04E26A8-A8F6-409C-A2AB-CE5A884C15F2-225x300.jpeg\" width=\"158\" height=\"210\" srcset=\"https:\/\/www.guardian-paws.de\/wp-content\/uploads\/2022\/03\/C04E26A8-A8F6-409C-A2AB-CE5A884C15F2-225x300.jpeg 225w, https:\/\/www.guardian-paws.de\/wp-content\/uploads\/2022\/03\/C04E26A8-A8F6-409C-A2AB-CE5A884C15F2-768x1024.jpeg 768w, https:\/\/www.guardian-paws.de\/wp-content\/uploads\/2022\/03\/C04E26A8-A8F6-409C-A2AB-CE5A884C15F2.jpeg 1536w\" sizes=\"(max-width: 158px) 100vw, 158px\" \/><br \/>\n<\/a><\/p>\n<p><a href=\"http:\/\/www.guardian-paws.de\/wp-content\/uploads\/2022\/03\/05A7BA30-6896-4E95-875C-A75B6929282E.jpeg\"><img decoding=\"async\" loading=\"lazy\" class=\" wp-image-1336 alignnone\" alt=\"05A7BA30-6896-4E95-875C-A75B6929282E\" src=\"http:\/\/www.guardian-paws.de\/wp-content\/uploads\/2022\/03\/05A7BA30-6896-4E95-875C-A75B6929282E-300x168.jpeg\" width=\"252\" height=\"142\" srcset=\"https:\/\/www.guardian-paws.de\/wp-content\/uploads\/2022\/03\/05A7BA30-6896-4E95-875C-A75B6929282E-300x168.jpeg 300w, https:\/\/www.guardian-paws.de\/wp-content\/uploads\/2022\/03\/05A7BA30-6896-4E95-875C-A75B6929282E-1024x576.jpeg 1024w, https:\/\/www.guardian-paws.de\/wp-content\/uploads\/2022\/03\/05A7BA30-6896-4E95-875C-A75B6929282E.jpeg 1600w\" sizes=\"(max-width: 252px) 100vw, 252px\" \/><\/a>\u00a0\u00a0<a href=\"http:\/\/www.guardian-paws.de\/wp-content\/uploads\/2022\/03\/C734D65E-601A-404F-B5DD-5AD67685E4E9.jpeg\"><img decoding=\"async\" loading=\"lazy\" class=\"alignnone  wp-image-1348\" alt=\"C734D65E-601A-404F-B5DD-5AD67685E4E9\" src=\"http:\/\/www.guardian-paws.de\/wp-content\/uploads\/2022\/03\/C734D65E-601A-404F-B5DD-5AD67685E4E9-225x300.jpeg\" width=\"158\" height=\"210\" srcset=\"https:\/\/www.guardian-paws.de\/wp-content\/uploads\/2022\/03\/C734D65E-601A-404F-B5DD-5AD67685E4E9-225x300.jpeg 225w, https:\/\/www.guardian-paws.de\/wp-content\/uploads\/2022\/03\/C734D65E-601A-404F-B5DD-5AD67685E4E9-768x1024.jpeg 768w, https:\/\/www.guardian-paws.de\/wp-content\/uploads\/2022\/03\/C734D65E-601A-404F-B5DD-5AD67685E4E9.jpeg 1536w\" sizes=\"(max-width: 158px) 100vw, 158px\" \/><\/a>\u00a0\u00a0<strong><a href=\"http:\/\/www.guardian-paws.de\/wp-content\/uploads\/2022\/03\/C4B0050A-B3F0-4F67-84C9-E0697C9755A9.jpeg\"><img decoding=\"async\" loading=\"lazy\" class=\"alignnone  wp-image-1350\" alt=\"C4B0050A-B3F0-4F67-84C9-E0697C9755A9\" src=\"http:\/\/www.guardian-paws.de\/wp-content\/uploads\/2022\/03\/C4B0050A-B3F0-4F67-84C9-E0697C9755A9-225x300.jpeg\" width=\"158\" height=\"210\" srcset=\"https:\/\/www.guardian-paws.de\/wp-content\/uploads\/2022\/03\/C4B0050A-B3F0-4F67-84C9-E0697C9755A9-225x300.jpeg 225w, https:\/\/www.guardian-paws.de\/wp-content\/uploads\/2022\/03\/C4B0050A-B3F0-4F67-84C9-E0697C9755A9-768x1024.jpeg 768w, https:\/\/www.guardian-paws.de\/wp-content\/uploads\/2022\/03\/C4B0050A-B3F0-4F67-84C9-E0697C9755A9.jpeg 1536w\" sizes=\"(max-width: 158px) 100vw, 158px\" \/><\/a><\/strong>\u00a0\u00a0<a href=\"http:\/\/www.guardian-paws.de\/wp-content\/uploads\/2022\/03\/D2D58917-EB04-421A-ACFF-3819DF4DA661.jpeg\"><img decoding=\"async\" loading=\"lazy\" class=\"alignnone  wp-image-1351\" alt=\"D2D58917-EB04-421A-ACFF-3819DF4DA661\" src=\"http:\/\/www.guardian-paws.de\/wp-content\/uploads\/2022\/03\/D2D58917-EB04-421A-ACFF-3819DF4DA661-225x300.jpeg\" width=\"158\" height=\"210\" srcset=\"https:\/\/www.guardian-paws.de\/wp-content\/uploads\/2022\/03\/D2D58917-EB04-421A-ACFF-3819DF4DA661-225x300.jpeg 225w, https:\/\/www.guardian-paws.de\/wp-content\/uploads\/2022\/03\/D2D58917-EB04-421A-ACFF-3819DF4DA661-768x1024.jpeg 768w, https:\/\/www.guardian-paws.de\/wp-content\/uploads\/2022\/03\/D2D58917-EB04-421A-ACFF-3819DF4DA661.jpeg 1200w\" sizes=\"(max-width: 158px) 100vw, 158px\" \/><\/a>\u00a0\u00a0<a href=\"http:\/\/www.guardian-paws.de\/wp-content\/uploads\/2022\/03\/7E8D1D28-6CC3-45AD-84DE-4B822C73C925.jpeg\"><img decoding=\"async\" loading=\"lazy\" class=\"alignnone  wp-image-1352\" alt=\"7E8D1D28-6CC3-45AD-84DE-4B822C73C925\" src=\"http:\/\/www.guardian-paws.de\/wp-content\/uploads\/2022\/03\/7E8D1D28-6CC3-45AD-84DE-4B822C73C925-300x225.jpeg\" width=\"210\" height=\"158\" srcset=\"https:\/\/www.guardian-paws.de\/wp-content\/uploads\/2022\/03\/7E8D1D28-6CC3-45AD-84DE-4B822C73C925-300x225.jpeg 300w, https:\/\/www.guardian-paws.de\/wp-content\/uploads\/2022\/03\/7E8D1D28-6CC3-45AD-84DE-4B822C73C925-1024x768.jpeg 1024w, https:\/\/www.guardian-paws.de\/wp-content\/uploads\/2022\/03\/7E8D1D28-6CC3-45AD-84DE-4B822C73C925.jpeg 1600w\" sizes=\"(max-width: 210px) 100vw, 210px\" \/><br \/>\n<\/a><\/p>\n<p><em>Seit Heute ( Tag 4) l\u00f6st Brownie sich mal mehr von ihren Cr\u00fcmmeln und kommt wieder mit auf kleine \u00a0Spazierg\u00e4nge oder \u00fcbernimmt kleinere Aufgaben an den Schafen.<br \/>\n<em><a href=\"http:\/\/www.guardian-paws.de\/wp-content\/uploads\/2022\/03\/3B80A007-83C8-4534-BC2B-D4234E2D800A.jpeg\"><img decoding=\"async\" loading=\"lazy\" class=\"alignright\" alt=\"3B80A007-83C8-4534-BC2B-D4234E2D800A\" src=\"http:\/\/www.guardian-paws.de\/wp-content\/uploads\/2022\/03\/3B80A007-83C8-4534-BC2B-D4234E2D800A-225x300.jpeg\" width=\"158\" height=\"210\" \/><\/a><\/em>Sie wollte so gerne mit und freute sich wieder in ihrem Element sein zu d\u00fcrfen.<br \/>\ndie Welpen wurden gut beh\u00fctet und mit Kuscheleinheiten verw\u00f6hnt.<\/em><\/p>\n<p>&nbsp;<\/p>\n<p><a href=\"http:\/\/www.guardian-paws.de\/wp-content\/uploads\/2022\/03\/A8CF587D-2122-461B-B333-A058860D7679.jpeg\"><img decoding=\"async\" loading=\"lazy\" class=\"alignnone size-medium wp-image-1356\" alt=\"A8CF587D-2122-461B-B333-A058860D7679\" src=\"http:\/\/www.guardian-paws.de\/wp-content\/uploads\/2022\/03\/A8CF587D-2122-461B-B333-A058860D7679-300x225.jpeg\" width=\"300\" height=\"225\" srcset=\"https:\/\/www.guardian-paws.de\/wp-content\/uploads\/2022\/03\/A8CF587D-2122-461B-B333-A058860D7679-300x225.jpeg 300w, https:\/\/www.guardian-paws.de\/wp-content\/uploads\/2022\/03\/A8CF587D-2122-461B-B333-A058860D7679-1024x768.jpeg 1024w\" sizes=\"(max-width: 300px) 100vw, 300px\" \/><\/a><\/p>\n<p>&nbsp;<\/p>\n","protected":false},"excerpt":{"rendered":"<p>Die erste Lebenswoche unserer kleinen BrownieCr\u00fcmmel beginnt. Nach der Geburt haben wir Brownie erstmal geduscht und die Wurfkiste neu ausgelegt. Danach freute sich Brownie \u00fcber die St\u00e4rkung. Mama Brownie und ihre Welpen sind in den ersten 2 Tagen noch etwas ersch\u00f6pft von der Geburt. Die kleinen Cr\u00fcmmel erholen sich in Brownies Obhut. Brownie wird von [&hellip;]<\/p>\n","protected":false},"author":1,"featured_media":0,"parent":0,"menu_order":0,"comment_status":"open","ping_status":"open","template":"","meta":[],"_links":{"self":[{"href":"https:\/\/www.guardian-paws.de\/index.php?rest_route=\/wp\/v2\/pages\/1324"}],"collection":[{"href":"https:\/\/www.guardian-paws.de\/index.php?rest_route=\/wp\/v2\/pages"}],"about":[{"href":"https:\/\/www.guardian-paws.de\/index.php?rest_route=\/wp\/v2\/types\/page"}],"author":[{"embeddable":true,"href":"https:\/\/www.guardian-paws.de\/index.php?rest_route=\/wp\/v2\/users\/1"}],"replies":[{"embeddable":true,"href":"https:\/\/www.guardian-paws.de\/index.php?rest_route=%2Fwp%2Fv2%2Fcomments&post=1324"}],"version-history":[{"count":13,"href":"https:\/\/www.guardian-paws.de\/index.php?rest_route=\/wp\/v2\/pages\/1324\/revisions"}],"predecessor-version":[{"id":1357,"href":"https:\/\/www.guardian-paws.de\/index.php?rest_route=\/wp\/v2\/pages\/1324\/revisions\/1357"}],"wp:attachment":[{"href":"https:\/\/www.guardian-paws.de\/index.php?rest_route=%2Fwp%2Fv2%2Fmedia&parent=1324"}],"curies":[{"name":"wp","href":"https:\/\/api.w.org\/{rel}","templated":true}]}}